{"id":32,"date":"2025-02-17T12:17:58","date_gmt":"2025-02-17T11:17:58","guid":{"rendered":"https:\/\/www.bocage-creations.com\/?page_id=32"},"modified":"2025-08-13T12:31:31","modified_gmt":"2025-08-13T10:31:31","slug":"bocage-creations","status":"publish","type":"page","link":"https:\/\/www.bocage-creations.com\/en\/bocage-creations\/","title":{"rendered":"Bocage Cr\u00e9ations"},"content":{"rendered":"<h1>Bocage<br \/>Cr\u00e9ations<\/h1>\n<div><strong>l\u00e0 o\u00f9 le temps <br \/>devient art.<\/strong><\/div>\n<p><img decoding=\"async\" src=\"\/wp-content\/uploads\/2025\/05\/bocage-logo-cl-hor.svg\" alt=\"\"><\/p>\n<div>\n<p>Entreprise familiale au charme discret, BOCAGE Cr\u00e9ations est n\u00e9e d\u2019une passion commune pour l\u2019art, la pr\u00e9cision et l\u2019exception. Chacun y insuffle sa touche, son expertise, son univers.<\/p>\n<\/div>\n<ul>\n<li>\n<p>        <img decoding=\"async\" src=\"\/wp-content\/uploads\/2025\/03\/gerard-bocage.jpg\" alt=\"\"><\/p>\n<h3>G\u00e9rard BOCAGE<\/h3>\n<\/li>\n<li>\n<p>        <img decoding=\"async\" src=\"\/wp-content\/uploads\/2025\/03\/evelyne-bocage.jpg\" alt=\"\"><\/p>\n<h3>Evelyne BOCAGE BULLIARD<\/h3>\n<\/li>\n<li>\n<p>        <img decoding=\"async\" src=\"\/wp-content\/uploads\/2025\/02\/vincent.jpg\" alt=\"\"><\/p>\n<h3>Vincent BOCAGE<\/h3>\n<\/li>\n<\/ul>\n<div>\n<p><strong>G\u00e9rard<\/strong>, fondateur du projet, est un entrepreneur dans l\u2019\u00e2me. Collectionneur de montres d\u2019exception, il conjugue amour de l\u2019horlogerie, fascination pour la m\u00e9canique de pr\u00e9cision et respect du savoir-faire artisanal. Sa qu\u00eate : cr\u00e9er des pi\u00e8ces uniques, pleines de caract\u00e8re, \u00e0 contre-courant de la production de masse.<\/p>\n<p><strong>Evelyne,<\/strong> originaire de Besan\u00e7on haut lieu de l\u2019horlogerie incarne l\u2019\u00e9l\u00e9gance et le regard sensible. D\u00e8s les premi\u00e8res esquisses jusqu\u2019au packaging final, elle veille \u00e0 chaque d\u00e9tail. Rien n\u2019est laiss\u00e9 au hasard : formes, mati\u00e8res, harmonie\u2026 pour que chaque cr\u00e9ation raconte une histoire, sublime un moment, marque un \u00e9v\u00e9nement.<\/p>\n<p><strong>Vincent<\/strong>, quant \u00e0 lui, est le sp\u00e9cialiste des gemmes. Passionn\u00e9 de gemmologie, il collabore avec des experts et des min\u00e9ralogistes pour int\u00e9grer des pierres pr\u00e9cieuses rares, parfois uniques, aux cr\u00e9ations. Une dimension pr\u00e9cieuse, au sens le plus noble du terme.<\/p>\n<p>\u00c0 l\u2019oppos\u00e9 des grandes manufactures et de l\u2019uniformit\u00e9 industrielle, <strong>BOCAGE Cr\u00e9ations c\u00e9l\u00e8bre l\u2019unicit\u00e9<\/strong>. Chaque horloge, chaque objet est personnalisable, pens\u00e9 pour magnifier un instant de vie. Plus qu\u2019un simple instrument pour lire l\u2019heure, <strong>chaque pi\u00e8ce devient une \u0153uvre d\u2019art<\/strong>, un fragment d\u2019\u00e9ternit\u00e9.<\/p>\n<\/div>\n<h1>Fabrication 100% Fran\u00e7aise<\/h1>\n<hr>\n<h3>Dujardin Concepts &#8211; Artisan m\u00e9tallier<\/h3>\n<div>\n<p>Dujardin concepts est une entreprise bas\u00e9e en Maine et Loire (49), tout pr\u00e8s de Saumur. Son \u00e9quipe maitrise tous types de travaux de menuiserie, m\u00e9tallerie, serrurerie et d\u00e9coupe jet d&#8217;eau. Ce type de d\u00e9coupe est un processus de s\u00e9paration par enl\u00e8vement de mati\u00e8re qui permet de couper diff\u00e9rents mat\u00e9riaux sans contrainte thermique. Elle fonctionne avec un jet d&#8217;eau \u00e0 haute pression (6000 bars), parfaitement adapt\u00e9 \u00e0 la r\u00e9alisation de nos horloges<\/p>\n<\/div>\n<p><img decoding=\"async\" src=\"\/wp-content\/uploads\/2025\/08\/complet-en-couleur-sur-fond-blanc-volume.svg\" alt=\"Logo Dujardin Concepts\"><\/p>\n<p><!--more--><br \/>\n<!-- {\"type\":\"layout\",\"children\":[{\"type\":\"section\",\"props\":{\"animation\":\"fade\",\"header_transparent\":true,\"header_transparent_noplaceholder\":false,\"image\":\"wp-content\\\/uploads\\\/2025\\\/05\\\/background2.jpg\",\"image_effect\":\"parallax\",\"image_loading\":true,\"image_parallax_bgy\":\"40vh\",\"image_position\":\"top-center\",\"image_size\":\"width-1-1\",\"media_overlay\":\"rgba(0, 0, 0, 0.75)\",\"media_overlay_parallax_opacity\":\"0,1\",\"padding\":\"xlarge\",\"padding_remove_top\":true,\"style\":\"default\",\"text_color\":\"light\",\"title_breakpoint\":\"xl\",\"title_position\":\"top-left\",\"title_rotation\":\"left\",\"vertical_align\":\"\",\"width\":\"\"},\"children\":[{\"type\":\"row\",\"children\":[{\"type\":\"column\",\"props\":{\"image_position\":\"center-center\",\"position_sticky_breakpoint\":\"m\",\"vertical_align\":\"middle\",\"width_medium\":\"1-2\"},\"children\":[{\"type\":\"headline\",\"props\":{\"animation\":\"none\",\"content\":\"Bocage<br \/>Cr\\u00e9ations\",\"position\":\"relative\",\"position_top\":\"120\",\"title_element\":\"h1\",\"title_style\":\"heading-xlarge\"}}]},{\"type\":\"column\",\"props\":{\"image_position\":\"center-center\",\"position_sticky_breakpoint\":\"m\",\"vertical_align\":\"middle\",\"width_medium\":\"1-2\"},\"children\":[{\"type\":\"headline\",\"props\":{\"animation\":\"none\",\"block_align\":\"center\",\"content\":\"<strong>l\\u00e0 o\\u00f9 le temps <br \\\/>devient art.<\\\/strong>\",\"content_en_gb\":\"where time<br \\\/>\\nbecomes art.\",\"margin\":\"large\",\"position\":\"relative\",\"position_top\":\"120\",\"text_align\":\"center\",\"title_element\":\"div\",\"title_style\":\"heading-medium\"}}]}],\"props\":{\"height\":\"pixels\",\"height_offset_top\":true,\"height_viewport\":300,\"layout\":\"1-2,1-2\",\"margin\":\"remove-vertical\",\"width\":\"large\"}}],\"name\":\"Hero\"},{\"type\":\"section\",\"props\":{\"animation\":\"fade\",\"id\":\"team\",\"image_position\":\"center-center\",\"padding_remove_bottom\":false,\"style\":\"default\",\"title_breakpoint\":\"xl\",\"title_position\":\"top-left\",\"title_rotation\":\"left\",\"vertical_align\":\"\",\"width\":\"expand\"},\"children\":[{\"type\":\"row\",\"children\":[{\"type\":\"column\",\"props\":{\"image_position\":\"center-center\",\"position_sticky_breakpoint\":\"m\"},\"children\":[{\"type\":\"image\",\"props\":{\"image\":\"wp-content\\\/uploads\\\/2025\\\/05\\\/bocage-logo-cl-hor.svg\",\"image_svg_color\":\"emphasis\",\"image_width\":600,\"margin\":\"medium\",\"margin_remove_bottom\":false,\"margin_remove_top\":true,\"text_align\":\"center\"}},{\"type\":\"headline\",\"props\":{\"content\":\"\n\n<p>Entreprise familiale au charme discret, BOCAGE Cr\\u00e9ations est n\\u00e9e d\\u2019une passion commune pour l\\u2019art, la pr\\u00e9cision et l\\u2019exception. Chacun y insuffle sa touche, son expertise, son univers.<\\\/p>\",\"content_en_gb\":\"\\\"The fireworks are breathtaking <br class=\\\"uk-visible@l\\\" \\\/> for both young and old.<br class=\\\"uk-visible@l\\\" \\\/> The Little Prince by Antoine de Saint-Exup\\u00e9ry <br class=\\\"uk-visible@l\\\" \\\/> would not have denied it.\\\"\\n\",\"margin\":\"default\",\"margin_remove_top\":true,\"text_align\":\"center\",\"title_element\":\"div\",\"title_style\":\"text-large\"}}]}],\"props\":{\"margin\":\"xlarge\",\"width\":\"default\"}},{\"type\":\"row\",\"children\":[{\"type\":\"column\",\"props\":{\"image_position\":\"center-center\",\"position_sticky_breakpoint\":\"m\"},\"children\":[{\"type\":\"grid\",\"props\":{\"content_column_breakpoint\":\"m\",\"filter_align\":\"left\",\"filter_all\":true,\"filter_grid_breakpoint\":\"m\",\"filter_grid_width\":\"auto\",\"filter_position\":\"top\",\"filter_style\":\"tab\",\"grid_default\":\"1\",\"grid_medium\":\"3\",\"icon_width\":80,\"image_align\":\"top\",\"image_grid_breakpoint\":\"m\",\"image_grid_width\":\"1-2\",\"image_height\":800,\"image_svg_color\":\"emphasis\",\"image_width\":600,\"item_animation\":true,\"lightbox_bg_close\":true,\"link_style\":\"default\",\"link_text\":\"Read more\",\"margin\":\"default\",\"meta_align\":\"below-title\",\"meta_element\":\"div\",\"meta_style\":\"text-meta\",\"show_content\":true,\"show_hover_image\":true,\"show_hover_video\":true,\"show_image\":true,\"show_link\":true,\"show_meta\":true,\"show_title\":true,\"show_video\":true,\"title_align\":\"top\",\"title_element\":\"h3\",\"title_grid_breakpoint\":\"m\",\"title_grid_width\":\"1-2\",\"title_hover_style\":\"reset\"},\"children\":[{\"type\":\"grid_item\",\"props\":{\"content\":\"\",\"image\":\"wp-content\\\/uploads\\\/2025\\\/03\\\/gerard-bocage.jpg\",\"meta\":\"\",\"title\":\"G\\u00e9rard BOCAGE\"}},{\"type\":\"grid_item\",\"props\":{\"image\":\"wp-content\\\/uploads\\\/2025\\\/03\\\/evelyne-bocage.jpg\",\"title\":\"Evelyne BOCAGE BULLIARD\"}},{\"type\":\"grid_item\",\"props\":{\"image\":\"wp-content\\\/uploads\\\/2025\\\/02\\\/vincent.jpg\",\"title\":\"Vincent BOCAGE\"}}]},{\"type\":\"text\",\"props\":{\"column_breakpoint\":\"m\",\"content\":\"\n\n<p><strong>G\\u00e9rard<\\\/strong>, fondateur du projet, est un entrepreneur dans l\\u2019\\u00e2me. Collectionneur de montres d\\u2019exception, il conjugue amour de l\\u2019horlogerie, fascination pour la m\\u00e9canique de pr\\u00e9cision et respect du savoir-faire artisanal. Sa qu\\u00eate : cr\\u00e9er des pi\\u00e8ces uniques, pleines de caract\\u00e8re, \\u00e0 contre-courant de la production de masse.<\\\/p>\\n\n\n<p><strong>Evelyne,<\\\/strong> originaire de Besan\\u00e7on haut lieu de l\\u2019horlogerie incarne l\\u2019\\u00e9l\\u00e9gance et le regard sensible. D\\u00e8s les premi\\u00e8res esquisses jusqu\\u2019au packaging final, elle veille \\u00e0 chaque d\\u00e9tail. Rien n\\u2019est laiss\\u00e9 au hasard : formes, mati\\u00e8res, harmonie\\u2026 pour que chaque cr\\u00e9ation raconte une histoire, sublime un moment, marque un \\u00e9v\\u00e9nement.<\\\/p>\\n\n\n<p><strong>Vincent<\\\/strong>, quant \\u00e0 lui, est le sp\\u00e9cialiste des gemmes. Passionn\\u00e9 de gemmologie, il collabore avec des experts et des min\\u00e9ralogistes pour int\\u00e9grer des pierres pr\\u00e9cieuses rares, parfois uniques, aux cr\\u00e9ations. Une dimension pr\\u00e9cieuse, au sens le plus noble du terme.<\\\/p>\\n\n\n<p>\\u00c0 l\\u2019oppos\\u00e9 des grandes manufactures et de l\\u2019uniformit\\u00e9 industrielle, <strong>BOCAGE Cr\\u00e9ations c\\u00e9l\\u00e8bre l\\u2019unicit\\u00e9<\\\/strong>. Chaque horloge, chaque objet est personnalisable, pens\\u00e9 pour magnifier un instant de vie. Plus qu\\u2019un simple instrument pour lire l\\u2019heure, <strong>chaque pi\\u00e8ce devient une \\u0153uvre d\\u2019art<\\\/strong>, un fragment d\\u2019\\u00e9ternit\\u00e9.<\\\/p>\",\"content_en_gb\":\"\n\n<p><strong>G\\u00e9rard<\\\/strong>, the project\\u2019s founder, is an entrepreneur at heart. A collector of exceptional timepieces, he combines a love of horology, a fascination with precision mechanics, and a deep respect for artisanal craftsmanship. His mission: to create unique pieces, full of character, defying mass production.<\\\/p>\\n\\n\n\n<p><strong>Evelyne<\\\/strong>, hailing from Besan\\u00e7on\\u2014the historic heart of French watchmaking\\u2014embodies elegance and a keen eye for detail. From the first sketches to the final packaging, she oversees every element. Nothing is left to chance: shapes, materials, harmony\\u2026 so that each creation tells a story, elevates a moment, and marks an event.<\\\/p>\\n\\n\n\n<p><strong>Vincent<\\\/strong> is the gemstone specialist. A passionate gemmologist, he collaborates with experts and mineralogists to incorporate rare, sometimes one-of-a-kind precious stones into their creations. A truly precious dimension, in the noblest sense of the word.<\\\/p>\\n\\n\n\n<p>Unlike large manufacturers and industrial uniformity, <strong>BOCAGE Cr\\u00e9ations celebrates uniqueness<\\\/strong>. Every clock, every object is customizable, designed to glorify a moment in life. More than just a timekeeping instrument, <strong>each piece becomes a work of art<\\\/strong>, a fragment of eternity.<\\\/p>\\n\",\"margin\":\"default\"}}]}]}],\"name\":\"Team\"},{\"type\":\"section\",\"props\":{\"image_position\":\"center-center\",\"style\":\"muted\",\"title_breakpoint\":\"xl\",\"title_position\":\"top-left\",\"title_rotation\":\"left\",\"vertical_align\":\"middle\",\"width\":\"default\"},\"children\":[{\"type\":\"row\",\"children\":[{\"type\":\"column\",\"props\":{\"image_position\":\"center-center\",\"position_sticky_breakpoint\":\"m\"},\"children\":[{\"type\":\"headline\",\"props\":{\"content\":\"Fabrication 100% Fran\\u00e7aise\",\"content_en_gb\":\"100% French craftsmanship\",\"text_align\":\"center\",\"title_element\":\"h1\"}},{\"type\":\"divider\",\"props\":{\"divider_align\":\"center\",\"divider_element\":\"hr\",\"divider_style\":\"small\"}}]}]},{\"type\":\"row\",\"props\":{\"layout\":\"3-5,2-5\"},\"children\":[{\"type\":\"column\",\"props\":{\"image_position\":\"center-center\",\"position_sticky_breakpoint\":\"m\",\"width_medium\":\"3-5\"},\"children\":[{\"type\":\"headline\",\"props\":{\"content\":\"Dujardin Concepts - Artisan m\\u00e9tallier\",\"content_en_gb\":\"Dujardin Concepts - Artisan metalworker\",\"title_element\":\"h3\"}},{\"type\":\"text\",\"props\":{\"column_breakpoint\":\"m\",\"content\":\"\n\n<p>Dujardin concepts est une entreprise bas\\u00e9e en Maine et Loire (49), tout pr\\u00e8s de Saumur. Son \\u00e9quipe maitrise tous types de travaux de menuiserie, m\\u00e9tallerie, serrurerie et d\\u00e9coupe jet d'eau. Ce type de d\\u00e9coupe est un processus de s\\u00e9paration par enl\\u00e8vement de mati\\u00e8re qui permet de couper diff\\u00e9rents mat\\u00e9riaux sans contrainte thermique. Elle fonctionne avec un jet d'eau \\u00e0 haute pression (6000 bars), parfaitement adapt\\u00e9 \\u00e0 la r\\u00e9alisation de nos horloges<\\\/p>\",\"content_en_gb\":\"\n\n<p>Dujardin Concepts is a company based in Maine-et-Loire (49), near Saumur. Its team specializes in all types of carpentry, metalwork, locksmithing, and waterjet cutting. This cutting method is a material removal process that allows different materials to be cut without thermal stress. It uses a high-pressure water jet (6000 bar), perfectly suited for crafting our clocks.<\\\/p>\\n\",\"margin\":\"default\"}}]},{\"type\":\"column\",\"props\":{\"image_position\":\"center-center\",\"position_sticky_breakpoint\":\"m\",\"width_medium\":\"2-5\"},\"children\":[{\"type\":\"image\",\"props\":{\"image\":\"wp-content\\\/uploads\\\/2025\\\/08\\\/complet-en-couleur-sur-fond-blanc-volume.svg\",\"image_alt\":\"Logo Dujardin Concepts\",\"image_svg_color\":\"emphasis\",\"image_width\":400,\"margin\":\"default\",\"text_align\":\"center\"}}]}]}]}],\"version\":\"4.5.6\",\"yooessentialsVersion\":\"2.3.12\"} --><\/p>\n","protected":false},"excerpt":{"rendered":"<p>BocageCr\u00e9ations l\u00e0 o\u00f9 le temps devient art. Entreprise familiale au charme discret, BOCAGE Cr\u00e9ations est n\u00e9e d\u2019une passion commune pour l\u2019art, la pr\u00e9cision et l\u2019exception. Chacun y insuffle sa touche, son expertise, son univers. G\u00e9rard BOCAGE Evelyne BOCAGE BULLIARD Vincent BOCAGE G\u00e9rard, fondateur du projet, est un entrepreneur dans l\u2019\u00e2me. Collectionneur de montres d\u2019exception, il [&hellip;]<\/p>\n","protected":false},"author":1,"featured_media":0,"parent":0,"menu_order":0,"comment_status":"closed","ping_status":"closed","template":"","meta":{"footnotes":""},"class_list":["post-32","page","type-page","status-publish","hentry"],"yoast_head":"<!-- This site is optimized with the Yoast SEO plugin v24.6 - https:\/\/yoast.com\/wordpress\/plugins\/seo\/ -->\n<title>Bocage Cr\u00e9ations<\/title>\n<meta name=\"robots\" content=\"index, follow, max-snippet:-1, max-image-preview:large, max-video-preview:-1\" \/>\n<meta property=\"og:locale\" content=\"en_GB\" \/>\n<meta property=\"og:type\" content=\"article\" \/>\n<meta property=\"og:title\" content=\"Bocage Cr\u00e9ations\" \/>\n<meta property=\"og:url\" content=\"https:\/\/www.bocage-creations.com\/en\/bocage-creations\/\" \/>\n<meta property=\"og:site_name\" content=\"Bocage Cr\u00e9ations\" \/>\n<meta property=\"article:modified_time\" content=\"2025-08-13T10:31:31+00:00\" \/>\n<meta name=\"twitter:card\" content=\"summary_large_image\" \/>\n<meta name=\"twitter:label1\" content=\"Est. reading time\" \/>\n\t<meta name=\"twitter:data1\" content=\"2 minutes\" \/>\n<script type=\"application\/ld+json\" class=\"yoast-schema-graph\">{\"@context\":\"https:\/\/schema.org\",\"@graph\":[{\"@type\":\"WebPage\",\"@id\":\"https:\/\/www.bocage-creations.com\/en\/bocage-creations\/\",\"url\":\"https:\/\/www.bocage-creations.com\/en\/bocage-creations\/\",\"name\":\"Bocage Cr\u00e9ations - L'artisanat derri\u00e8re La Belle Bleue\",\"isPartOf\":{\"@id\":\"https:\/\/www.bocage-creations.com\/#website\"},\"datePublished\":\"2025-02-17T11:17:58+00:00\",\"dateModified\":\"2025-08-13T10:31:31+00:00\",\"description\":\"D\u00e9couvrez Bocage Cr\u00e9ations, l'\u00e9quipe passionn\u00e9e derri\u00e8re La Belle Bleue. Plongez dans notre univers d'artisanat d'exception, o\u00f9 chaque montre, horloge et bijou est con\u00e7u avec une pr\u00e9cision et une passion in\u00e9gal\u00e9es.\",\"breadcrumb\":{\"@id\":\"https:\/\/www.bocage-creations.com\/en\/bocage-creations\/#breadcrumb\"},\"inLanguage\":\"en-GB\",\"potentialAction\":[{\"@type\":\"ReadAction\",\"target\":[\"https:\/\/www.bocage-creations.com\/en\/bocage-creations\/\"]}]},{\"@type\":\"BreadcrumbList\",\"@id\":\"https:\/\/www.bocage-creations.com\/en\/bocage-creations\/#breadcrumb\",\"itemListElement\":[{\"@type\":\"ListItem\",\"position\":1,\"name\":\"Home\",\"item\":\"https:\/\/www.bocage-creations.com\/\"},{\"@type\":\"ListItem\",\"position\":2,\"name\":\"Bocage Cr\u00e9ations\"}]},{\"@type\":\"WebSite\",\"@id\":\"https:\/\/www.bocage-creations.com\/en\/#website\",\"url\":\"https:\/\/www.bocage-creations.com\/en\/\",\"name\":\"Bocage Cr\u00e9ations\",\"description\":\"\",\"publisher\":{\"@id\":\"https:\/\/www.bocage-creations.com\/en\/#organization\"},\"potentialAction\":[{\"@type\":\"SearchAction\",\"target\":{\"@type\":\"EntryPoint\",\"urlTemplate\":\"https:\/\/www.bocage-creations.com\/en\/?s={search_term_string}\"},\"query-input\":{\"@type\":\"PropertyValueSpecification\",\"valueRequired\":true,\"valueName\":\"search_term_string\"}}],\"inLanguage\":\"en-GB\"},{\"@type\":\"Organization\",\"@id\":\"https:\/\/www.bocage-creations.com\/en\/#organization\",\"name\":\"Bocage Cr\u00e9ations\",\"url\":\"https:\/\/www.bocage-creations.com\/en\/\",\"logo\":{\"@type\":\"ImageObject\",\"inLanguage\":\"en-GB\",\"@id\":\"https:\/\/www.bocage-creations.com\/en\/#\/schema\/logo\/image\/\",\"url\":\"https:\/\/www.bocage-creations.com\/wp-content\/uploads\/2025\/05\/bocage-logo-cl-hor.svg\",\"contentUrl\":\"https:\/\/www.bocage-creations.com\/wp-content\/uploads\/2025\/05\/bocage-logo-cl-hor.svg\",\"width\":1,\"height\":1,\"caption\":\"Bocage Cr\u00e9ations\"},\"image\":{\"@id\":\"https:\/\/www.bocage-creations.com\/en\/#\/schema\/logo\/image\/\"}}]}<\/script>\n<!-- \/ Yoast SEO plugin. -->","yoast_head_json":{"title":"Bocage Cr\u00e9ations","robots":{"index":"index","follow":"follow","max-snippet":"max-snippet:-1","max-image-preview":"max-image-preview:large","max-video-preview":"max-video-preview:-1"},"og_locale":"en_GB","og_type":"article","og_title":"Bocage Cr\u00e9ations","og_url":"https:\/\/www.bocage-creations.com\/en\/bocage-creations\/","og_site_name":"Bocage Cr\u00e9ations","article_modified_time":"2025-08-13T10:31:31+00:00","twitter_card":"summary_large_image","twitter_misc":{"Est. reading time":"2 minutes"},"schema":{"@context":"https:\/\/schema.org","@graph":[{"@type":"WebPage","@id":"https:\/\/www.bocage-creations.com\/en\/bocage-creations\/","url":"https:\/\/www.bocage-creations.com\/en\/bocage-creations\/","name":"Bocage Cr\u00e9ations - L'artisanat derri\u00e8re La Belle Bleue","isPartOf":{"@id":"https:\/\/www.bocage-creations.com\/#website"},"datePublished":"2025-02-17T11:17:58+00:00","dateModified":"2025-08-13T10:31:31+00:00","description":"D\u00e9couvrez Bocage Cr\u00e9ations, l'\u00e9quipe passionn\u00e9e derri\u00e8re La Belle Bleue. Plongez dans notre univers d'artisanat d'exception, o\u00f9 chaque montre, horloge et bijou est con\u00e7u avec une pr\u00e9cision et une passion in\u00e9gal\u00e9es.","breadcrumb":{"@id":"https:\/\/www.bocage-creations.com\/en\/bocage-creations\/#breadcrumb"},"inLanguage":"en-GB","potentialAction":[{"@type":"ReadAction","target":["https:\/\/www.bocage-creations.com\/en\/bocage-creations\/"]}]},{"@type":"BreadcrumbList","@id":"https:\/\/www.bocage-creations.com\/en\/bocage-creations\/#breadcrumb","itemListElement":[{"@type":"ListItem","position":1,"name":"Home","item":"https:\/\/www.bocage-creations.com\/"},{"@type":"ListItem","position":2,"name":"Bocage Cr\u00e9ations"}]},{"@type":"WebSite","@id":"https:\/\/www.bocage-creations.com\/en\/#website","url":"https:\/\/www.bocage-creations.com\/en\/","name":"Bocage Cr\u00e9ations","description":"","publisher":{"@id":"https:\/\/www.bocage-creations.com\/en\/#organization"},"potentialAction":[{"@type":"SearchAction","target":{"@type":"EntryPoint","urlTemplate":"https:\/\/www.bocage-creations.com\/en\/?s={search_term_string}"},"query-input":{"@type":"PropertyValueSpecification","valueRequired":true,"valueName":"search_term_string"}}],"inLanguage":"en-GB"},{"@type":"Organization","@id":"https:\/\/www.bocage-creations.com\/en\/#organization","name":"Bocage Cr\u00e9ations","url":"https:\/\/www.bocage-creations.com\/en\/","logo":{"@type":"ImageObject","inLanguage":"en-GB","@id":"https:\/\/www.bocage-creations.com\/en\/#\/schema\/logo\/image\/","url":"https:\/\/www.bocage-creations.com\/wp-content\/uploads\/2025\/05\/bocage-logo-cl-hor.svg","contentUrl":"https:\/\/www.bocage-creations.com\/wp-content\/uploads\/2025\/05\/bocage-logo-cl-hor.svg","width":1,"height":1,"caption":"Bocage Cr\u00e9ations"},"image":{"@id":"https:\/\/www.bocage-creations.com\/en\/#\/schema\/logo\/image\/"}}]}},"_links":{"self":[{"href":"https:\/\/www.bocage-creations.com\/en\/wp-json\/wp\/v2\/pages\/32","targetHints":{"allow":["GET"]}}],"collection":[{"href":"https:\/\/www.bocage-creations.com\/en\/wp-json\/wp\/v2\/pages"}],"about":[{"href":"https:\/\/www.bocage-creations.com\/en\/wp-json\/wp\/v2\/types\/page"}],"author":[{"embeddable":true,"href":"https:\/\/www.bocage-creations.com\/en\/wp-json\/wp\/v2\/users\/1"}],"replies":[{"embeddable":true,"href":"https:\/\/www.bocage-creations.com\/en\/wp-json\/wp\/v2\/comments?post=32"}],"version-history":[{"count":99,"href":"https:\/\/www.bocage-creations.com\/en\/wp-json\/wp\/v2\/pages\/32\/revisions"}],"predecessor-version":[{"id":739,"href":"https:\/\/www.bocage-creations.com\/en\/wp-json\/wp\/v2\/pages\/32\/revisions\/739"}],"wp:attachment":[{"href":"https:\/\/www.bocage-creations.com\/en\/wp-json\/wp\/v2\/media?parent=32"}],"curies":[{"name":"wp","href":"https:\/\/api.w.org\/{rel}","templated":true}]}}