{"id":392,"date":"2025-03-05T17:48:00","date_gmt":"2025-03-05T16:48:00","guid":{"rendered":"https:\/\/www.bocage-creations.com\/?page_id=392"},"modified":"2025-03-17T10:33:14","modified_gmt":"2025-03-17T09:33:14","slug":"mentions-legales","status":"publish","type":"page","link":"https:\/\/www.bocage-creations.com\/en\/legal-notices\/","title":{"rendered":"Legal notices"},"content":{"rendered":"<div>\n<h1>Mentions L\u00e9gales<\/h1>\n<p>Le pr\u00e9sent site est la propri\u00e9t\u00e9 de labellebleue, une marque d\u00e9pos\u00e9e de la<br \/>SAS BOCAGE PREMIUM CREATIONS &#8211; 24 Rue Louis Braille &#8211; F-37000 TOURS<\/p>\n<p><strong>Nom du site<\/strong> :\u00a0<a href=\"https:\/\/www.bocage-creations.com\/\">https:\/\/www.bocage-creations.com<\/a>\u00a0<\/p>\n<p><strong>Propri\u00e9taire du site :\u00a0<\/strong><\/p>\n<p>BOCAGE PREMIUM CREATIONS est une SAS au capital social de 5000 \u20ac. Le num\u00e9ro de TVA intracommunautaire est : FR03880936828<\/p>\n<p><strong>Directeur de la publication<\/strong> : G\u00e9rard Bocage <br \/><strong>Email<\/strong> : contact@labellebleue.shop<br \/><strong>Adresse<\/strong> :<br \/>24 Rue Louis Braille F-37000 TOURS<br \/>T\u00e9l. : 02.47.80.48.92<br \/>N\u00b0 SIRET : 880.936.828 Tours<\/p>\n<p><strong>Cr\u00e9ation du site web :<\/strong> Pixim Communication<br \/>18 Avenue David d&#8217;Angers<br \/>49400, Saumur<br \/>T\u00e9l: <a href=\"tel:+33980940199\" target=\"_blank\" rel=\"noopener\"> 09 80 94 01 99 <\/a><br \/>Site web: <a href=\"https:\/\/www.pixim.fr\" target=\"_blank\" rel=\"noopener\">www.pixim.fr<\/a><\/p>\n<p><strong>H\u00e9bergement<\/strong> : SAS OVH, 2 rue Kellermann\u2013 59100 Roubaix \u2013 France<br \/>T\u00e9l\u00e9phone : <a href=\"tel:+33899701761\">0899 701 761<\/a> (1.349 \u20ac TTC l\u2019appel, et 0.337 \u20ac TTC\/mn)<br \/>Fax : <a href=\"tel:+33320200958\">+ 33 (0) 3 20 20 09 58<\/a><br \/>Site Internet : <a href=\"https:\/\/www.ovh.com\" target=\"_blank\" rel=\"noopener\">www.ovh.com<\/a><br \/>Hotline : <a href=\"https:\/\/ovh.com\/fr\/contact\/support\/\" target=\"_blank\" rel=\"noopener\">https:\/\/ovh.com\/fr\/contact\/support\/<\/a><\/p>\n<p>L\u2019utilisateur du site Internet reconna\u00eet disposer de la comp\u00e9tence et des moyens n\u00e9cessaires pour acc\u00e9der et utiliser ce site. Il reconna\u00eet \u00e9galement avoir pris connaissance de la pr\u00e9sente notice l\u00e9gale et s\u2019engage \u00e0 la respecter. En conformit\u00e9 avec les dispositions de la loi du 6 janvier 1978 relative \u00e0 l\u2019informatique, aux fichiers et aux libert\u00e9s, le traitement automatis\u00e9 des donn\u00e9es nominatives r\u00e9alis\u00e9es \u00e0 partir du site Internet \u00ab www.labellebleue.shop \u00ab a fait l\u2019objet d\u2019une d\u00e9claration aupr\u00e8s de la Commission nationale de l\u2019informatique et des libert\u00e9s (CNIL).<\/p>\n<p>L\u2019utilisateur est inform\u00e9 que lors de ses visites sur le site, un cookie peut s\u2019installer automatiquement sur son logiciel de navigation. Un cookie est un \u00e9l\u00e9ment qui ne permet pas d\u2019identifier l\u2019utilisateur mais sert \u00e0 enregistrer des informations relatives \u00e0 la navigation de celui-ci sur le site Internet. L\u2019utilisateur pourra d\u00e9sactiver ce cookie par l\u2019interm\u00e9diaire des param\u00e8tres figurant au sein de son logiciel de navigation.<\/p>\n<p>L\u2019utilisateur dispose d\u2019un droit d\u2019acc\u00e8s, de modification, de rectification et de suppression des donn\u00e9es qui le concernent (article 34 de la loi \u00ab Informatique et Libert\u00e9s \u00ab ). Pour l\u2019exercer, l\u2019utilisateur peut s\u2019adresser aupr\u00e8s du Directeur de la publication vis\u00e9 plus haut.<\/p>\n<p>Toute repr\u00e9sentation totale ou partielle de ce site par quelque proc\u00e9d\u00e9 que ce soit, sans l\u2019autorisation expresse de l\u2019exploitant du site Internet est interdite et constituerait une contrefa\u00e7on sanctionn\u00e9e par les article L 335-2 et suivants du Code de la propri\u00e9t\u00e9 intellectuelle.<\/p>\n<p>Il en est de m\u00eame des \u00e9ventuelles bases de donn\u00e9es figurant sur le site Internet qui sont prot\u00e9g\u00e9es par les dispositions de la loi du 11 juillet 1998 portant transposition dans le Code de la propri\u00e9t\u00e9 intellectuelle (CPI) de la directive europ\u00e9enne du 11 mars 1996 relative \u00e0 la protection juridique des bases de donn\u00e9es.<\/p>\n<p>Les marques de l&#8217;exploitant du site Internet et de ses partenaires, ainsi que les logos figurant sur le site sont des marques (semi-figuratives ou non) d\u00e9pos\u00e9es.<\/p>\n<p>Les liens hypertextes mis en place dans le cadre du site Internet en direction d&#8217;autres ressources pr\u00e9sentes sur le r\u00e9seau de l&#8217;Internet, et notamment vers ses partenaires ont fait l&#8217;objet d&#8217;une autorisation pr\u00e9alable expresse et \u00e9crite.<\/p>\n<p>Les utilisateurs visiteurs du site Internet ne peuvent mettre en place un hyperlien en direction de ces sites sans l&#8217;autorisation expresse et pr\u00e9alable de l&#8217;exploitant du site Internet.<\/p>\n<\/div>\n<p><!--more--><br \/>\n<!-- {\"type\":\"layout\",\"children\":[{\"type\":\"section\",\"props\":{\"image_position\":\"center-center\",\"style\":\"default\",\"title_breakpoint\":\"xl\",\"title_position\":\"top-left\",\"title_rotation\":\"left\",\"vertical_align\":\"middle\",\"width\":\"default\"},\"children\":[{\"type\":\"row\",\"children\":[{\"type\":\"column\",\"props\":{\"image_position\":\"center-center\",\"position_sticky_breakpoint\":\"m\"},\"children\":[{\"type\":\"text\",\"props\":{\"column_breakpoint\":\"m\",\"content\":\"\n\n<h1>Mentions L\\u00e9gales<\\\/h1>\\n\n\n<p>Le pr\\u00e9sent site est la propri\\u00e9t\\u00e9 de labellebleue, une marque d\\u00e9pos\\u00e9e de la<br \\\/>SAS BOCAGE PREMIUM CREATIONS - 24 Rue Louis Braille - F-37000 TOURS<\\\/p>\\n\n\n<p><strong>Nom du site<\\\/strong> :\\u00a0<a href=\\\"https:\\\/\\\/www.bocage-creations.com\\\/\\\">https:\\\/\\\/www.bocage-creations.com<\\\/a>\\u00a0<\\\/p>\\n\n\n<p><strong>Propri\\u00e9taire du site :\\u00a0<\\\/strong><\\\/p>\\n\n\n<p>BOCAGE PREMIUM CREATIONS est une SAS au capital social de 5000 \\u20ac. Le num\\u00e9ro de TVA intracommunautaire est : FR03880936828<\\\/p>\\n\n\n<p><strong>Directeur de la publication<\\\/strong> : G\\u00e9rard Bocage <br \\\/><strong>Email<\\\/strong> : contact@labellebleue.shop<br \\\/><strong>Adresse<\\\/strong> :<br \\\/>24 Rue Louis Braille F-37000 TOURS<br \\\/>T\\u00e9l. : 02.47.80.48.92<br \\\/>N\\u00b0 SIRET : 880.936.828 Tours<\\\/p>\\n\n\n<p><strong>Cr\\u00e9ation du site web :<\\\/strong> Pixim Communication<br \\\/>18 Avenue David d'Angers<br \\\/>49400, Saumur<br \\\/>T\\u00e9l: <a href=\\\"tel:+33980940199\\\" target=\\\"_blank\\\" rel=\\\"noopener\\\"> 09 80 94 01 99 <\\\/a><br \\\/>Site web: <a href=\\\"https:\\\/\\\/www.pixim.fr\\\" target=\\\"_blank\\\" rel=\\\"noopener\\\">www.pixim.fr<\\\/a><\\\/p>\\n\n\n<p><strong>H\\u00e9bergement<\\\/strong> : SAS OVH, 2 rue Kellermann\\u2013 59100 Roubaix \\u2013 France<br \\\/>T\\u00e9l\\u00e9phone : <a href=\\\"tel:+33899701761\\\">0899 701 761<\\\/a> (1.349 \\u20ac TTC l\\u2019appel, et 0.337 \\u20ac TTC\\\/mn)<br \\\/>Fax : <a href=\\\"tel:+33320200958\\\">+ 33 (0) 3 20 20 09 58<\\\/a><br \\\/>Site Internet : <a href=\\\"https:\\\/\\\/www.ovh.com\\\" target=\\\"_blank\\\" rel=\\\"noopener\\\">www.ovh.com<\\\/a><br \\\/>Hotline : <a href=\\\"https:\\\/\\\/ovh.com\\\/fr\\\/contact\\\/support\\\/\\\" target=\\\"_blank\\\" rel=\\\"noopener\\\">https:\\\/\\\/ovh.com\\\/fr\\\/contact\\\/support\\\/<\\\/a><\\\/p>\\n\n\n<p>L\\u2019utilisateur du site Internet reconna\\u00eet disposer de la comp\\u00e9tence et des moyens n\\u00e9cessaires pour acc\\u00e9der et utiliser ce site. Il reconna\\u00eet \\u00e9galement avoir pris connaissance de la pr\\u00e9sente notice l\\u00e9gale et s\\u2019engage \\u00e0 la respecter. En conformit\\u00e9 avec les dispositions de la loi du 6 janvier 1978 relative \\u00e0 l\\u2019informatique, aux fichiers et aux libert\\u00e9s, le traitement automatis\\u00e9 des donn\\u00e9es nominatives r\\u00e9alis\\u00e9es \\u00e0 partir du site Internet \\u00ab www.labellebleue.shop \\u00ab a fait l\\u2019objet d\\u2019une d\\u00e9claration aupr\\u00e8s de la Commission nationale de l\\u2019informatique et des libert\\u00e9s (CNIL).<\\\/p>\\n\n\n<p>L\\u2019utilisateur est inform\\u00e9 que lors de ses visites sur le site, un cookie peut s\\u2019installer automatiquement sur son logiciel de navigation. Un cookie est un \\u00e9l\\u00e9ment qui ne permet pas d\\u2019identifier l\\u2019utilisateur mais sert \\u00e0 enregistrer des informations relatives \\u00e0 la navigation de celui-ci sur le site Internet. L\\u2019utilisateur pourra d\\u00e9sactiver ce cookie par l\\u2019interm\\u00e9diaire des param\\u00e8tres figurant au sein de son logiciel de navigation.<\\\/p>\\n\n\n<p>L\\u2019utilisateur dispose d\\u2019un droit d\\u2019acc\\u00e8s, de modification, de rectification et de suppression des donn\\u00e9es qui le concernent (article 34 de la loi \\u00ab Informatique et Libert\\u00e9s \\u00ab ). Pour l\\u2019exercer, l\\u2019utilisateur peut s\\u2019adresser aupr\\u00e8s du Directeur de la publication vis\\u00e9 plus haut.<\\\/p>\\n\n\n<p>Toute repr\\u00e9sentation totale ou partielle de ce site par quelque proc\\u00e9d\\u00e9 que ce soit, sans l\\u2019autorisation expresse de l\\u2019exploitant du site Internet est interdite et constituerait une contrefa\\u00e7on sanctionn\\u00e9e par les article L 335-2 et suivants du Code de la propri\\u00e9t\\u00e9 intellectuelle.<\\\/p>\\n\n\n<p>Il en est de m\\u00eame des \\u00e9ventuelles bases de donn\\u00e9es figurant sur le site Internet qui sont prot\\u00e9g\\u00e9es par les dispositions de la loi du 11 juillet 1998 portant transposition dans le Code de la propri\\u00e9t\\u00e9 intellectuelle (CPI) de la directive europ\\u00e9enne du 11 mars 1996 relative \\u00e0 la protection juridique des bases de donn\\u00e9es.<\\\/p>\\n\n\n<p>Les marques de l'exploitant du site Internet et de ses partenaires, ainsi que les logos figurant sur le site sont des marques (semi-figuratives ou non) d\\u00e9pos\\u00e9es.<\\\/p>\\n\n\n<p>Les liens hypertextes mis en place dans le cadre du site Internet en direction d'autres ressources pr\\u00e9sentes sur le r\\u00e9seau de l'Internet, et notamment vers ses partenaires ont fait l'objet d'une autorisation pr\\u00e9alable expresse et \\u00e9crite.<\\\/p>\\n\n\n<p>Les utilisateurs visiteurs du site Internet ne peuvent mettre en place un hyperlien en direction de ces sites sans l'autorisation expresse et pr\\u00e9alable de l'exploitant du site Internet.<\\\/p>\",\"margin\":\"default\"}}]}]}]}],\"version\":\"4.5.6\"} --><\/p>\n","protected":false},"excerpt":{"rendered":"<p>Mentions L\u00e9gales Le pr\u00e9sent site est la propri\u00e9t\u00e9 de labellebleue, une marque d\u00e9pos\u00e9e de laSAS BOCAGE PREMIUM CREATIONS &#8211; 24 Rue Louis Braille &#8211; F-37000 TOURS Nom du site :\u00a0https:\/\/www.bocage-creations.com\u00a0 Propri\u00e9taire du site :\u00a0 BOCAGE PREMIUM CREATIONS est une SAS au capital social de 5000 \u20ac. Le num\u00e9ro de TVA intracommunautaire est : FR03880936828 Directeur [&hellip;]<\/p>\n","protected":false},"author":1,"featured_media":0,"parent":0,"menu_order":0,"comment_status":"closed","ping_status":"closed","template":"","meta":{"footnotes":""},"class_list":["post-392","page","type-page","status-publish","hentry"],"yoast_head":"<!-- This site is optimized with the Yoast SEO plugin v24.6 - https:\/\/yoast.com\/wordpress\/plugins\/seo\/ -->\n<title>Legal notices<\/title>\n<meta name=\"robots\" content=\"index, follow, max-snippet:-1, max-image-preview:large, max-video-preview:-1\" \/>\n<meta property=\"og:locale\" content=\"en_GB\" \/>\n<meta property=\"og:type\" content=\"article\" \/>\n<meta property=\"og:title\" content=\"Legal notices\" \/>\n<meta property=\"og:url\" content=\"https:\/\/www.bocage-creations.com\/en\/legal-notices\/\" \/>\n<meta property=\"og:site_name\" content=\"Bocage Cr\u00e9ations\" \/>\n<meta property=\"article:modified_time\" content=\"2025-03-17T09:33:14+00:00\" \/>\n<meta name=\"twitter:card\" content=\"summary_large_image\" \/>\n<meta name=\"twitter:label1\" content=\"Est. reading time\" \/>\n\t<meta name=\"twitter:data1\" content=\"3 minutes\" \/>\n<script type=\"application\/ld+json\" class=\"yoast-schema-graph\">{\"@context\":\"https:\/\/schema.org\",\"@graph\":[{\"@type\":\"WebPage\",\"@id\":\"https:\/\/www.bocage-creations.com\/en\/legal-notices\/\",\"url\":\"https:\/\/www.bocage-creations.com\/en\/legal-notices\/\",\"name\":\"Mentions L\u00e9gales - La Belle Bleue\",\"isPartOf\":{\"@id\":\"https:\/\/www.bocage-creations.com\/#website\"},\"datePublished\":\"2025-03-05T16:48:00+00:00\",\"dateModified\":\"2025-03-17T09:33:14+00:00\",\"description\":\"Consultez les mentions l\u00e9gales de La Belle Bleue pour conna\u00eetre les informations l\u00e9gales concernant notre site, nos produits et nos services.\",\"breadcrumb\":{\"@id\":\"https:\/\/www.bocage-creations.com\/en\/legal-notices\/#breadcrumb\"},\"inLanguage\":\"en-GB\",\"potentialAction\":[{\"@type\":\"ReadAction\",\"target\":[\"https:\/\/www.bocage-creations.com\/en\/legal-notices\/\"]}]},{\"@type\":\"BreadcrumbList\",\"@id\":\"https:\/\/www.bocage-creations.com\/en\/legal-notices\/#breadcrumb\",\"itemListElement\":[{\"@type\":\"ListItem\",\"position\":1,\"name\":\"Home\",\"item\":\"https:\/\/www.bocage-creations.com\/\"},{\"@type\":\"ListItem\",\"position\":2,\"name\":\"Legal notices\"}]},{\"@type\":\"WebSite\",\"@id\":\"https:\/\/www.bocage-creations.com\/en\/#website\",\"url\":\"https:\/\/www.bocage-creations.com\/en\/\",\"name\":\"Bocage Cr\u00e9ations\",\"description\":\"\",\"publisher\":{\"@id\":\"https:\/\/www.bocage-creations.com\/en\/#organization\"},\"potentialAction\":[{\"@type\":\"SearchAction\",\"target\":{\"@type\":\"EntryPoint\",\"urlTemplate\":\"https:\/\/www.bocage-creations.com\/en\/?s={search_term_string}\"},\"query-input\":{\"@type\":\"PropertyValueSpecification\",\"valueRequired\":true,\"valueName\":\"search_term_string\"}}],\"inLanguage\":\"en-GB\"},{\"@type\":\"Organization\",\"@id\":\"https:\/\/www.bocage-creations.com\/en\/#organization\",\"name\":\"Bocage Cr\u00e9ations\",\"url\":\"https:\/\/www.bocage-creations.com\/en\/\",\"logo\":{\"@type\":\"ImageObject\",\"inLanguage\":\"en-GB\",\"@id\":\"https:\/\/www.bocage-creations.com\/en\/#\/schema\/logo\/image\/\",\"url\":\"https:\/\/www.bocage-creations.com\/wp-content\/uploads\/2025\/05\/bocage-logo-cl-hor.svg\",\"contentUrl\":\"https:\/\/www.bocage-creations.com\/wp-content\/uploads\/2025\/05\/bocage-logo-cl-hor.svg\",\"width\":1,\"height\":1,\"caption\":\"Bocage Cr\u00e9ations\"},\"image\":{\"@id\":\"https:\/\/www.bocage-creations.com\/en\/#\/schema\/logo\/image\/\"}}]}<\/script>\n<!-- \/ Yoast SEO plugin. -->","yoast_head_json":{"title":"Legal notices","robots":{"index":"index","follow":"follow","max-snippet":"max-snippet:-1","max-image-preview":"max-image-preview:large","max-video-preview":"max-video-preview:-1"},"og_locale":"en_GB","og_type":"article","og_title":"Legal notices","og_url":"https:\/\/www.bocage-creations.com\/en\/legal-notices\/","og_site_name":"Bocage Cr\u00e9ations","article_modified_time":"2025-03-17T09:33:14+00:00","twitter_card":"summary_large_image","twitter_misc":{"Est. reading time":"3 minutes"},"schema":{"@context":"https:\/\/schema.org","@graph":[{"@type":"WebPage","@id":"https:\/\/www.bocage-creations.com\/en\/legal-notices\/","url":"https:\/\/www.bocage-creations.com\/en\/legal-notices\/","name":"Mentions L\u00e9gales - La Belle Bleue","isPartOf":{"@id":"https:\/\/www.bocage-creations.com\/#website"},"datePublished":"2025-03-05T16:48:00+00:00","dateModified":"2025-03-17T09:33:14+00:00","description":"Consultez les mentions l\u00e9gales de La Belle Bleue pour conna\u00eetre les informations l\u00e9gales concernant notre site, nos produits et nos services.","breadcrumb":{"@id":"https:\/\/www.bocage-creations.com\/en\/legal-notices\/#breadcrumb"},"inLanguage":"en-GB","potentialAction":[{"@type":"ReadAction","target":["https:\/\/www.bocage-creations.com\/en\/legal-notices\/"]}]},{"@type":"BreadcrumbList","@id":"https:\/\/www.bocage-creations.com\/en\/legal-notices\/#breadcrumb","itemListElement":[{"@type":"ListItem","position":1,"name":"Home","item":"https:\/\/www.bocage-creations.com\/"},{"@type":"ListItem","position":2,"name":"Legal notices"}]},{"@type":"WebSite","@id":"https:\/\/www.bocage-creations.com\/en\/#website","url":"https:\/\/www.bocage-creations.com\/en\/","name":"Bocage Cr\u00e9ations","description":"","publisher":{"@id":"https:\/\/www.bocage-creations.com\/en\/#organization"},"potentialAction":[{"@type":"SearchAction","target":{"@type":"EntryPoint","urlTemplate":"https:\/\/www.bocage-creations.com\/en\/?s={search_term_string}"},"query-input":{"@type":"PropertyValueSpecification","valueRequired":true,"valueName":"search_term_string"}}],"inLanguage":"en-GB"},{"@type":"Organization","@id":"https:\/\/www.bocage-creations.com\/en\/#organization","name":"Bocage Cr\u00e9ations","url":"https:\/\/www.bocage-creations.com\/en\/","logo":{"@type":"ImageObject","inLanguage":"en-GB","@id":"https:\/\/www.bocage-creations.com\/en\/#\/schema\/logo\/image\/","url":"https:\/\/www.bocage-creations.com\/wp-content\/uploads\/2025\/05\/bocage-logo-cl-hor.svg","contentUrl":"https:\/\/www.bocage-creations.com\/wp-content\/uploads\/2025\/05\/bocage-logo-cl-hor.svg","width":1,"height":1,"caption":"Bocage Cr\u00e9ations"},"image":{"@id":"https:\/\/www.bocage-creations.com\/en\/#\/schema\/logo\/image\/"}}]}},"_links":{"self":[{"href":"https:\/\/www.bocage-creations.com\/en\/wp-json\/wp\/v2\/pages\/392","targetHints":{"allow":["GET"]}}],"collection":[{"href":"https:\/\/www.bocage-creations.com\/en\/wp-json\/wp\/v2\/pages"}],"about":[{"href":"https:\/\/www.bocage-creations.com\/en\/wp-json\/wp\/v2\/types\/page"}],"author":[{"embeddable":true,"href":"https:\/\/www.bocage-creations.com\/en\/wp-json\/wp\/v2\/users\/1"}],"replies":[{"embeddable":true,"href":"https:\/\/www.bocage-creations.com\/en\/wp-json\/wp\/v2\/comments?post=392"}],"version-history":[{"count":3,"href":"https:\/\/www.bocage-creations.com\/en\/wp-json\/wp\/v2\/pages\/392\/revisions"}],"predecessor-version":[{"id":395,"href":"https:\/\/www.bocage-creations.com\/en\/wp-json\/wp\/v2\/pages\/392\/revisions\/395"}],"wp:attachment":[{"href":"https:\/\/www.bocage-creations.com\/en\/wp-json\/wp\/v2\/media?parent=392"}],"curies":[{"name":"wp","href":"https:\/\/api.w.org\/{rel}","templated":true}]}}