{"id":628,"date":"2025-06-10T18:24:45","date_gmt":"2025-06-10T16:24:45","guid":{"rendered":"https:\/\/www.bocage-creations.com\/?page_id=628"},"modified":"2025-11-17T17:57:24","modified_gmt":"2025-11-17T16:57:24","slug":"horloge-murale-signature-personnalisable","status":"publish","type":"page","link":"https:\/\/www.bocage-creations.com\/en\/customizable-signature-wall-clock\/","title":{"rendered":"Customizable \u201cSignature\u201d Wall Clock"},"content":{"rendered":"<div>\n<\/div>\n<ul>\n<li>\n<p>        <img decoding=\"async\" src=\"\/wp-content\/uploads\/2025\/11\/bocage-pied-horloge-1.jpg\" alt=\"\"><\/p>\n<h3>Bocage-Cre\u0301ations-HORLOGE-Chevalet<\/h3>\n<\/li>\n<li>\n<p>        <img decoding=\"async\" src=\"\/wp-content\/uploads\/2025\/11\/bocage-pied-horloge-2.jpg\" alt=\"\"><\/p>\n<h3>Bocage-Cre\u0301ations-HORLOGE-Chevalet<\/h3>\n<\/li>\n<\/ul>\n<div>exemples de r\u00e9alisations pour nos clients<\/div>\n<ul>\n<li>\n<p>        <img decoding=\"async\" src=\"\/wp-content\/uploads\/2025\/05\/Bocage-Creations-HORLOGE-ARTUS-Maroc-4.png\" alt=\"\"><\/p>\n<h3>Bocage-Cre\u0301ations-HORLOGE-ARTUS-Maroc-4<\/h3>\n<\/li>\n<li>\n<p>        <img decoding=\"async\" src=\"\/wp-content\/uploads\/2025\/05\/Bocage-Creations-HORLOGE-Maroc-Classic.png\" alt=\"\"><\/p>\n<h3>Bocage-Cre\u0301ations-HORLOGE-Maroc-Classic<\/h3>\n<\/li>\n<li>\n<p>        <img decoding=\"async\" src=\"\/wp-content\/uploads\/2025\/05\/Bocage-Creations-HORLOGE-ARTUS-COMPETITION-2.jpg\" alt=\"\"><\/p>\n<h3>Bocage-Cre\u0301ations-HORLOGE-ARTUS COMPETITION-2<\/h3>\n<\/li>\n<li>\n<p>        <img decoding=\"async\" src=\"\/wp-content\/uploads\/2025\/02\/Bocage-Creations-HORLOGE-LOUIS-XI-3.png\" alt=\"\"><\/p>\n<h3>Bocage-Cr\u00e9ations-HORLOGE-LOUIS-XI-3<\/h3>\n<\/li>\n<li>\n<p>        <img decoding=\"async\" src=\"\/wp-content\/uploads\/2025\/02\/Bocage-Creations-HORLOGE-ARTUS-2.png\" alt=\"\"><\/p>\n<h3>Bocage-Cr\u00e9ations-HORLOGE-ARTUS-2<\/h3>\n<\/li>\n<li>\n<p>        <img decoding=\"async\" src=\"\/wp-content\/uploads\/2025\/02\/Bocage-Creations-HORLOGE-SUIVIDEFLOTTE-2.png\" alt=\"\"><\/p>\n<h3>Bocage-Cr\u00e9ations-HORLOGE-SUIVIDEFLOTTE-2<\/h3>\n<\/li>\n<\/ul>\n<div>Commander votre propre<\/div>\n<h1>Horloge murale \u00ab Signature \u00bb personnalisable<\/h1>\n<div>\n<p>Horloge version murale : 3 900 \u20ac HT &#8211; <strong>4 680 \u20ac TTC<\/strong><\/p>\n<p>Horloge avec chevalet : 4 700 \u20ac HT &#8211; <strong>5 640 \u20ac TTC<\/strong><\/p>\n<\/div>\n<p><p>\n        <a href=\"\/formulaire-de-demande\/\">Envoyer une demande<\/a>\n    <\/p>\n<\/p>\n<div>\n<h2>Details<\/h2>\n<div>\n<p>Hauteur : 42 cm \u2013 Largeur : 38 cm.<\/p>\n<p>Poids : 3,8 kg<\/p>\n<p>Cette horloge en inox a \u00e9t\u00e9 r\u00e9alis\u00e9e gr\u00e2ce \u00e0 un mat\u00e9riel tr\u00e8s sophistiqu\u00e9 de d\u00e9coupe au jet d\u2019eau \u00e0 tr\u00e8s haute pression.<\/p>\n<p><strong>Propos\u00e9e en version murale ou sur chevalet<\/strong><\/p>\n<p><strong>A 6 h, nous pr\u00e9ciserons le nom ou l\u2019appellation selon votre souhait\u00a0:<\/strong><br \/>Nom patronymique \u2013 Nom de soci\u00e9t\u00e9 \u00a0ou d\u2019une marque \u2013 Nom de r\u00e9sidence \u2013 Nom comm\u00e9moratif d\u2019un \u00e9v\u00e9nement ou simplement un cadeau personnalis\u00e9\u2026..<\/p>\n<p><strong>Nota :<\/strong> un d\u00e9lai de 3 semaines est n\u00e9cessaire \u00e0 la personnalisation de votre horloge murale<\/p>\n<\/div>\n<\/div>\n<div>\n<p>* Les prix incluent la TVA. Frais de port sur votre commande globale : 49 \u20ac TTC pour la France M\u00e9tropolitaine<\/p>\n<\/div>\n<p><!--more--><br \/>\n<!-- {\"type\":\"layout\",\"children\":[{\"type\":\"section\",\"props\":{\"image_position\":\"center-center\",\"padding_remove_top\":true,\"style\":\"default\",\"title_breakpoint\":\"xl\",\"title_position\":\"top-left\",\"title_rotation\":\"left\",\"vertical_align\":\"\",\"width\":\"\"},\"children\":[{\"type\":\"row\",\"props\":{\"column_gap\":\"collapse\",\"layout\":\"1-2,1-2\",\"row_gap\":\"collapse\"},\"children\":[{\"type\":\"column\",\"props\":{\"image_position\":\"center-center\",\"position_sticky\":\"column\",\"position_sticky_breakpoint\":\"\",\"width_medium\":\"1-2\"},\"children\":[{\"type\":\"gallery\",\"props\":{\"css\":\".el-element > .uk-grid:has(> :last-child:nth-child(odd)) > :first-child,\\n.el-element > .uk-grid:has(> :last-child:nth-child(2)) > * { width: 100%; }\",\"filter_align\":\"left\",\"filter_all\":true,\"filter_grid_breakpoint\":\"m\",\"filter_grid_width\":\"auto\",\"filter_position\":\"top\",\"filter_style\":\"tab\",\"grid_column_gap\":\"collapse\",\"grid_default\":\"1\",\"grid_medium\":\"1\",\"grid_row_gap\":\"collapse\",\"image_height\":600,\"image_loading\":true,\"image_width\":600,\"item_animation\":false,\"lightbox\":false,\"lightbox_animation\":\"fade\",\"lightbox_bg_close\":false,\"lightbox_controls\":true,\"lightbox_counter\":true,\"lightbox_image_orientation\":false,\"lightbox_nav\":\"thumbnav\",\"lightbox_video_autoplay\":\"inline\",\"link_style\":\"default\",\"link_text\":\"\",\"margin\":\"\",\"meta_align\":\"below-title\",\"meta_element\":\"div\",\"meta_style\":\"text-meta\",\"overlay_hover\":true,\"overlay_link\":true,\"overlay_mode\":\"cover\",\"overlay_position\":\"center\",\"overlay_style\":\"\",\"overlay_transition\":\"fade\",\"parallax_easing\":\"1\",\"position\":\"relative\",\"position_top\":\"50\",\"show_content\":true,\"show_hover_image\":true,\"show_hover_video\":true,\"show_link\":true,\"show_meta\":true,\"show_title\":true,\"text_align\":\"center\",\"text_color\":\"light\",\"title_element\":\"h3\",\"title_hover_style\":\"reset\"},\"children\":[{\"type\":\"gallery_item\",\"source\":{\"props\":{\"image\":{\"name\":\"featuredImage.url\"}},\"query\":{\"name\":\"products.customProduct\",\"arguments\":{\"terms\":[],\"pa_bracelet_operator\":\"IN\",\"pa_cadran_operator\":\"IN\",\"pa_finition_operator\":\"IN\",\"pa_option_support_operator\":\"IN\",\"product_brand_operator\":\"IN\",\"product_cat_operator\":\"IN\",\"product_tag_operator\":\"IN\",\"product_visibility_operator\":\"IN\",\"users\":[],\"users_operator\":\"IN\",\"offset\":0,\"order\":\"date\",\"order_direction\":\"DESC\",\"id\":98}}}}]},{\"type\":\"gallery\",\"props\":{\"filter_align\":\"left\",\"filter_all\":true,\"filter_grid_breakpoint\":\"m\",\"filter_grid_width\":\"auto\",\"filter_position\":\"top\",\"filter_style\":\"tab\",\"grid_column_gap\":\"small\",\"grid_default\":\"2\",\"grid_medium\":\"2\",\"grid_row_gap\":\"small\",\"image_height\":400,\"image_loading\":false,\"image_width\":400,\"item_animation\":true,\"lightbox\":true,\"lightbox_bg_close\":true,\"lightbox_image_orientation\":false,\"link_style\":\"default\",\"link_text\":\"\",\"margin\":\"default\",\"margin_remove_top\":true,\"meta_align\":\"below-title\",\"meta_element\":\"div\",\"meta_style\":\"text-meta\",\"overlay_hover\":true,\"overlay_link\":true,\"overlay_mode\":\"cover\",\"overlay_position\":\"center\",\"overlay_style\":\"\",\"overlay_transition\":\"fade\",\"position_top\":\"50\",\"show_content\":true,\"show_hover_image\":true,\"show_hover_video\":true,\"show_link\":true,\"show_meta\":true,\"show_title\":false,\"text_align\":\"center\",\"text_color\":\"light\",\"title_element\":\"h3\",\"title_hover_style\":\"reset\"},\"children\":[{\"type\":\"gallery_item\",\"props\":{\"image\":\"wp-content\\\/uploads\\\/2025\\\/11\\\/bocage-pied-horloge-1.jpg\",\"title\":\"Bocage-Cre\\u0301ations-HORLOGE-Chevalet\"}},{\"type\":\"gallery_item\",\"props\":{\"image\":\"wp-content\\\/uploads\\\/2025\\\/11\\\/bocage-pied-horloge-2.jpg\",\"title\":\"Bocage-Cre\\u0301ations-HORLOGE-Chevalet\"}}]},{\"type\":\"headline\",\"props\":{\"content\":\"exemples de r\\u00e9alisations pour nos clients\",\"margin_remove_bottom\":true,\"text_align\":\"center\",\"title_element\":\"div\",\"title_style\":\"h6\"}},{\"type\":\"gallery\",\"props\":{\"filter_align\":\"left\",\"filter_all\":true,\"filter_grid_breakpoint\":\"m\",\"filter_grid_width\":\"auto\",\"filter_position\":\"top\",\"filter_style\":\"tab\",\"grid_column_gap\":\"small\",\"grid_default\":\"2\",\"grid_medium\":\"3\",\"grid_row_gap\":\"small\",\"image_height\":400,\"image_loading\":false,\"image_width\":400,\"item_animation\":true,\"lightbox\":true,\"lightbox_bg_close\":true,\"lightbox_image_orientation\":false,\"link_style\":\"default\",\"link_text\":\"\",\"margin\":\"default\",\"margin_remove_top\":true,\"meta_align\":\"below-title\",\"meta_element\":\"div\",\"meta_style\":\"text-meta\",\"overlay_hover\":true,\"overlay_link\":true,\"overlay_mode\":\"cover\",\"overlay_position\":\"center\",\"overlay_style\":\"\",\"overlay_transition\":\"fade\",\"position\":\"relative\",\"position_top\":\"50\",\"show_content\":true,\"show_hover_image\":true,\"show_hover_video\":true,\"show_link\":true,\"show_meta\":true,\"show_title\":false,\"text_align\":\"center\",\"text_color\":\"light\",\"title_element\":\"h3\",\"title_hover_style\":\"reset\"},\"children\":[{\"type\":\"gallery_item\",\"props\":{\"image\":\"wp-content\\\/uploads\\\/2025\\\/05\\\/Bocage-Creations-HORLOGE-ARTUS-Maroc-4.png\",\"title\":\"Bocage-Cre\\u0301ations-HORLOGE-ARTUS-Maroc-4\"}},{\"type\":\"gallery_item\",\"props\":{\"image\":\"wp-content\\\/uploads\\\/2025\\\/05\\\/Bocage-Creations-HORLOGE-Maroc-Classic.png\",\"title\":\"Bocage-Cre\\u0301ations-HORLOGE-Maroc-Classic\"}},{\"type\":\"gallery_item\",\"props\":{\"image\":\"wp-content\\\/uploads\\\/2025\\\/05\\\/Bocage-Creations-HORLOGE-ARTUS-COMPETITION-2.jpg\",\"title\":\"Bocage-Cre\\u0301ations-HORLOGE-ARTUS COMPETITION-2\"}},{\"type\":\"gallery_item\",\"props\":{\"image\":\"wp-content\\\/uploads\\\/2025\\\/02\\\/Bocage-Creations-HORLOGE-LOUIS-XI-3.png\",\"title\":\"Bocage-Cr\\u00e9ations-HORLOGE-LOUIS-XI-3\"}},{\"type\":\"gallery_item\",\"props\":{\"image\":\"wp-content\\\/uploads\\\/2025\\\/02\\\/Bocage-Creations-HORLOGE-ARTUS-2.png\",\"title\":\"Bocage-Cr\\u00e9ations-HORLOGE-ARTUS-2\"}},{\"type\":\"gallery_item\",\"props\":{\"image\":\"wp-content\\\/uploads\\\/2025\\\/02\\\/Bocage-Creations-HORLOGE-SUIVIDEFLOTTE-2.png\",\"title\":\"Bocage-Cr\\u00e9ations-HORLOGE-SUIVIDEFLOTTE-2\"}}]}]},{\"type\":\"column\",\"props\":{\"image_position\":\"center-center\",\"padding\":\"large\",\"position_sticky\":\"column\",\"position_sticky_breakpoint\":\"m\",\"position_sticky_offset\":\"160\",\"position_sticky_offset_end\":\"70\",\"style\":\"tile-default\",\"width_medium\":\"1-2\"},\"children\":[{\"type\":\"headline\",\"props\":{\"block_align\":\"center\",\"content\":\"Commander votre propre\",\"content_en_gb\":\"Order your own\",\"margin\":\"small\",\"margin_remove_bottom\":false,\"text_align\":\"left\",\"title_element\":\"div\",\"title_style\":\"h6\"}},{\"type\":\"headline\",\"props\":{\"block_align\":\"center\",\"content\":\"Horloge murale \\u00ab Signature \\u00bb personnalisable\",\"content_en_gb\":\"Customizable \\\"Signature\\\" Wall Clock\",\"margin\":\"small\",\"margin_remove_bottom\":true,\"margin_remove_top\":true,\"text_align\":\"left\",\"title_element\":\"h1\",\"title_style\":\"h2\"}},{\"type\":\"headline\",\"props\":{\"content\":\"\n\n<p>Horloge version murale : 3 900 \\u20ac HT - <strong>4 680 \\u20ac TTC<\\\/strong><\\\/p>\\n\n\n<p>Horloge avec chevalet : 4 700 \\u20ac HT - <strong>5 640 \\u20ac TTC<\\\/strong><\\\/p>\",\"content_en_gb\":\"\n\n<p>Wall-mounted clock: \\u20ac3,900 excl. VAT - <strong>\\u20ac4,680 incl. VAT<\\\/strong><\\\/p>\\n\n\n<p>Clock with easel: \\u20ac4,700 excl. VAT - <strong>\\u20ac5,640 incl. VAT<\\\/strong><\\\/p>\\n\",\"margin\":\"default\",\"title_color\":\"emphasis\",\"title_element\":\"div\",\"title_style\":\"text-large\"}},{\"type\":\"button\",\"props\":{\"grid_column_gap\":\"small\",\"grid_row_gap\":\"small\",\"margin\":\"default\"},\"children\":[{\"type\":\"button_item\",\"props\":{\"button_style\":\"primary\",\"content\":\"Envoyer une demande\",\"content_en_gb\":\"Send a request\",\"dialog_layout\":\"modal\",\"dialog_offcanvas_flip\":true,\"icon_align\":\"left\",\"link\":\"formulaire-de-demande\\\/\",\"link_title\":\"Envoyer une demande\",\"link_title_en_gb\":\"Send a request\"}}]},{\"type\":\"panel\",\"props\":{\"block_align\":\"center\",\"content\":\"\n\n<p>Hauteur : 42 cm \\u2013 Largeur : 38 cm.<\\\/p>\\n\n\n<p>Poids : 3,8 kg<\\\/p>\\n\n\n<p>Cette horloge en inox a \\u00e9t\\u00e9 r\\u00e9alis\\u00e9e gr\\u00e2ce \\u00e0 un mat\\u00e9riel tr\\u00e8s sophistiqu\\u00e9 de d\\u00e9coupe au jet d\\u2019eau \\u00e0 tr\\u00e8s haute pression.<\\\/p>\\n\n\n<p><strong>Propos\\u00e9e en version murale ou sur chevalet<\\\/strong><\\\/p>\\n\n\n<p><strong>A 6 h, nous pr\\u00e9ciserons le nom ou l\\u2019appellation selon votre souhait\\u00a0:<\\\/strong><br \\\/>Nom patronymique \\u2013 Nom de soci\\u00e9t\\u00e9 \\u00a0ou d\\u2019une marque \\u2013 Nom de r\\u00e9sidence \\u2013 Nom comm\\u00e9moratif d\\u2019un \\u00e9v\\u00e9nement ou simplement un cadeau personnalis\\u00e9\\u2026..<\\\/p>\\n\n\n<p><strong>Nota :<\\\/strong> un d\\u00e9lai de 3 semaines est n\\u00e9cessaire \\u00e0 la personnalisation de votre horloge murale<\\\/p>\\n\",\"content_column_breakpoint\":\"m\",\"content_en_gb\":\"\n\n<p>Height: 42 cm \\u2013 Width: 38 cm.<\\\/p>\\n\n\n<p>Weight: 3.8 kg<\\\/p>\\n\n\n<p>This stainless steel clock was crafted using highly sophisticated, high-pressure water jet cutting equipment.<\\\/p>\\n\n\n<p><strong>Available as a wall-mounted or easel version<\\\/strong><\\\/p>\\n\n\n<p><strong>At 6 o'clock, we will include the name or designation of your choice:<\\\/strong><br \\\/>\\nSurname \\u2013 Company or brand name \\u2013 Residence name \\u2013 Commemorative event name or simply a personalized gift\\u2026<\\\/p>\\n\n\n<p><strong>Note:<\\\/strong> A lead time of 3 weeks is required for the personalization of your wall clock.<\\\/p>\\n\",\"content_margin\":\"small\",\"icon_width\":80,\"image_align\":\"top\",\"image_grid_breakpoint\":\"m\",\"image_grid_width\":\"1-2\",\"image_svg_color\":\"emphasis\",\"link_style\":\"default\",\"link_text\":\"Read more\",\"margin\":\"large\",\"meta_align\":\"below-title\",\"meta_element\":\"div\",\"meta_style\":\"text-meta\",\"title\":\"Details\",\"title_align\":\"top\",\"title_element\":\"h2\",\"title_grid_breakpoint\":\"m\",\"title_grid_width\":\"1-2\",\"title_hover_style\":\"reset\",\"title_style\":\"h4\"}},{\"type\":\"text\",\"props\":{\"column_breakpoint\":\"m\",\"content\":\"\",\"margin\":\"default\"}},{\"type\":\"text\",\"props\":{\"block_align\":\"center\",\"column_breakpoint\":\"m\",\"content\":\"\n\n<p>* Les prix incluent la TVA. Frais de port sur votre commande globale : 49 \\u20ac TTC pour la France M\\u00e9tropolitaine<\\\/p>\",\"content_en_gb\":\"\n\n<p>* Prices include VAT. Shipping costs for your entire order: \\u20ac49 including VAT for Metropolitan France.<\\\/p>\\n\",\"margin\":\"default\",\"text_style\":\"small\"}}]}]}],\"name\":\"Product\"},{\"type\":\"section\",\"props\":{\"image_position\":\"center-center\",\"padding_remove_bottom\":false,\"padding_remove_top\":true,\"status\":\"disabled\",\"style\":\"default\",\"title_breakpoint\":\"xl\",\"title_position\":\"top-left\",\"title_rotation\":\"left\",\"vertical_align\":\"\",\"width\":\"\"},\"children\":[{\"type\":\"row\",\"props\":{\"margin\":\"medium\",\"width\":\"expand\"},\"children\":[{\"type\":\"column\",\"props\":{\"image_position\":\"center-center\",\"position_sticky_breakpoint\":\"m\",\"width_medium\":\"1-1\"},\"children\":[{\"type\":\"headline\",\"props\":{\"content\":\"Quality & Comfort\",\"text_align\":\"center\",\"title_element\":\"h2\"}},{\"type\":\"text\",\"props\":{\"block_align\":\"center\",\"column_breakpoint\":\"m\",\"content\":\"Lorem ipsum dolor sit amet, consetetur sadipscing elitr, sed diam nonumy eirmod tempor ut labore et dolore magna.\",\"margin\":\"default\",\"maxwidth\":\"xlarge\",\"text_align\":\"center\"}}]}]},{\"type\":\"row\",\"children\":[{\"type\":\"column\",\"props\":{\"image_position\":\"center-center\",\"position_sticky_breakpoint\":\"m\"},\"children\":[{\"type\":\"overlay\",\"props\":{\"image\":\"wp-content\\\/themes\\\/yootheme\\\/packages\\\/theme\\\/assets\\\/images\\\/element-image-placeholder.png\",\"image_min_height\":\"350\",\"image_width\":2560,\"link_style\":\"default\",\"link_text\":\"Read more\",\"margin\":\"large\",\"meta_align\":\"below-title\",\"meta_element\":\"div\",\"meta_style\":\"text-meta\",\"overlay_hover\":true,\"overlay_mode\":\"cover\",\"overlay_position\":\"center\",\"overlay_style\":\"\",\"overlay_transition\":\"fade\",\"text_align\":\"center\",\"text_color\":\"light\",\"title_element\":\"h3\",\"title_hover_style\":\"reset\"}}]}],\"props\":{\"margin_remove_top\":false}}],\"name\":\"Features\",\"modified\":\"2021-12-21T16:12:40.392Z\"}],\"version\":\"4.5.6\",\"yooessentialsVersion\":\"2.3.12\"} --><\/p>\n","protected":false},"excerpt":{"rendered":"<p>Bocage-Cre\u0301ations-HORLOGE-Chevalet Bocage-Cre\u0301ations-HORLOGE-Chevalet exemples de r\u00e9alisations pour nos clients Bocage-Cre\u0301ations-HORLOGE-ARTUS-Maroc-4 Bocage-Cre\u0301ations-HORLOGE-Maroc-Classic Bocage-Cre\u0301ations-HORLOGE-ARTUS COMPETITION-2 Bocage-Cr\u00e9ations-HORLOGE-LOUIS-XI-3 Bocage-Cr\u00e9ations-HORLOGE-ARTUS-2 Bocage-Cr\u00e9ations-HORLOGE-SUIVIDEFLOTTE-2 Commander votre propre Horloge murale \u00ab Signature \u00bb personnalisable Horloge version murale : 3 900 \u20ac HT &#8211; 4 680 \u20ac TTC Horloge avec chevalet : 4 700 \u20ac HT &#8211; 5 640 \u20ac TTC Envoyer une demande Details Hauteur [&hellip;]<\/p>\n","protected":false},"author":1,"featured_media":0,"parent":0,"menu_order":0,"comment_status":"closed","ping_status":"closed","template":"","meta":{"footnotes":""},"class_list":["post-628","page","type-page","status-publish","hentry"],"yoast_head":"<!-- This site is optimized with the Yoast SEO plugin v24.6 - https:\/\/yoast.com\/wordpress\/plugins\/seo\/ -->\n<title>Customizable \u201cSignature\u201d Wall Clock<\/title>\n<meta name=\"robots\" content=\"index, follow, max-snippet:-1, max-image-preview:large, max-video-preview:-1\" \/>\n<meta property=\"og:locale\" content=\"en_GB\" \/>\n<meta property=\"og:type\" content=\"article\" \/>\n<meta property=\"og:title\" content=\"Customizable \u201cSignature\u201d Wall Clock\" \/>\n<meta property=\"og:url\" content=\"https:\/\/www.bocage-creations.com\/en\/customizable-signature-wall-clock\/\" \/>\n<meta property=\"og:site_name\" content=\"Bocage Cr\u00e9ations\" \/>\n<meta property=\"article:modified_time\" content=\"2025-11-17T16:57:24+00:00\" \/>\n<meta name=\"twitter:card\" content=\"summary_large_image\" \/>\n<meta name=\"twitter:label1\" content=\"Est. reading time\" \/>\n\t<meta name=\"twitter:data1\" content=\"3 minutes\" \/>\n<script type=\"application\/ld+json\" class=\"yoast-schema-graph\">{\"@context\":\"https:\/\/schema.org\",\"@graph\":[{\"@type\":\"WebPage\",\"@id\":\"https:\/\/www.bocage-creations.com\/en\/customizable-signature-wall-clock\/\",\"url\":\"https:\/\/www.bocage-creations.com\/en\/customizable-signature-wall-clock\/\",\"name\":\"Horloge murale \u00ab Signature \u00bb personnalisable - Bocage Cr\u00e9ations\",\"isPartOf\":{\"@id\":\"https:\/\/www.bocage-creations.com\/#website\"},\"datePublished\":\"2025-06-10T16:24:45+00:00\",\"dateModified\":\"2025-11-17T16:57:24+00:00\",\"breadcrumb\":{\"@id\":\"https:\/\/www.bocage-creations.com\/en\/customizable-signature-wall-clock\/#breadcrumb\"},\"inLanguage\":\"en-GB\",\"potentialAction\":[{\"@type\":\"ReadAction\",\"target\":[\"https:\/\/www.bocage-creations.com\/en\/customizable-signature-wall-clock\/\"]}]},{\"@type\":\"BreadcrumbList\",\"@id\":\"https:\/\/www.bocage-creations.com\/en\/customizable-signature-wall-clock\/#breadcrumb\",\"itemListElement\":[{\"@type\":\"ListItem\",\"position\":1,\"name\":\"Home\",\"item\":\"https:\/\/www.bocage-creations.com\/\"},{\"@type\":\"ListItem\",\"position\":2,\"name\":\"Customizable \u201cSignature\u201d Wall Clock\"}]},{\"@type\":\"WebSite\",\"@id\":\"https:\/\/www.bocage-creations.com\/en\/#website\",\"url\":\"https:\/\/www.bocage-creations.com\/en\/\",\"name\":\"Bocage Cr\u00e9ations\",\"description\":\"\",\"publisher\":{\"@id\":\"https:\/\/www.bocage-creations.com\/en\/#organization\"},\"potentialAction\":[{\"@type\":\"SearchAction\",\"target\":{\"@type\":\"EntryPoint\",\"urlTemplate\":\"https:\/\/www.bocage-creations.com\/en\/?s={search_term_string}\"},\"query-input\":{\"@type\":\"PropertyValueSpecification\",\"valueRequired\":true,\"valueName\":\"search_term_string\"}}],\"inLanguage\":\"en-GB\"},{\"@type\":\"Organization\",\"@id\":\"https:\/\/www.bocage-creations.com\/en\/#organization\",\"name\":\"Bocage Cr\u00e9ations\",\"url\":\"https:\/\/www.bocage-creations.com\/en\/\",\"logo\":{\"@type\":\"ImageObject\",\"inLanguage\":\"en-GB\",\"@id\":\"https:\/\/www.bocage-creations.com\/en\/#\/schema\/logo\/image\/\",\"url\":\"https:\/\/www.bocage-creations.com\/wp-content\/uploads\/2025\/05\/bocage-logo-cl-hor.svg\",\"contentUrl\":\"https:\/\/www.bocage-creations.com\/wp-content\/uploads\/2025\/05\/bocage-logo-cl-hor.svg\",\"width\":1,\"height\":1,\"caption\":\"Bocage Cr\u00e9ations\"},\"image\":{\"@id\":\"https:\/\/www.bocage-creations.com\/en\/#\/schema\/logo\/image\/\"}}]}<\/script>\n<!-- \/ Yoast SEO plugin. -->","yoast_head_json":{"title":"Customizable \u201cSignature\u201d Wall Clock","robots":{"index":"index","follow":"follow","max-snippet":"max-snippet:-1","max-image-preview":"max-image-preview:large","max-video-preview":"max-video-preview:-1"},"og_locale":"en_GB","og_type":"article","og_title":"Customizable \u201cSignature\u201d Wall Clock","og_url":"https:\/\/www.bocage-creations.com\/en\/customizable-signature-wall-clock\/","og_site_name":"Bocage Cr\u00e9ations","article_modified_time":"2025-11-17T16:57:24+00:00","twitter_card":"summary_large_image","twitter_misc":{"Est. reading time":"3 minutes"},"schema":{"@context":"https:\/\/schema.org","@graph":[{"@type":"WebPage","@id":"https:\/\/www.bocage-creations.com\/en\/customizable-signature-wall-clock\/","url":"https:\/\/www.bocage-creations.com\/en\/customizable-signature-wall-clock\/","name":"Horloge murale \u00ab Signature \u00bb personnalisable - Bocage Cr\u00e9ations","isPartOf":{"@id":"https:\/\/www.bocage-creations.com\/#website"},"datePublished":"2025-06-10T16:24:45+00:00","dateModified":"2025-11-17T16:57:24+00:00","breadcrumb":{"@id":"https:\/\/www.bocage-creations.com\/en\/customizable-signature-wall-clock\/#breadcrumb"},"inLanguage":"en-GB","potentialAction":[{"@type":"ReadAction","target":["https:\/\/www.bocage-creations.com\/en\/customizable-signature-wall-clock\/"]}]},{"@type":"BreadcrumbList","@id":"https:\/\/www.bocage-creations.com\/en\/customizable-signature-wall-clock\/#breadcrumb","itemListElement":[{"@type":"ListItem","position":1,"name":"Home","item":"https:\/\/www.bocage-creations.com\/"},{"@type":"ListItem","position":2,"name":"Customizable \u201cSignature\u201d Wall Clock"}]},{"@type":"WebSite","@id":"https:\/\/www.bocage-creations.com\/en\/#website","url":"https:\/\/www.bocage-creations.com\/en\/","name":"Bocage Cr\u00e9ations","description":"","publisher":{"@id":"https:\/\/www.bocage-creations.com\/en\/#organization"},"potentialAction":[{"@type":"SearchAction","target":{"@type":"EntryPoint","urlTemplate":"https:\/\/www.bocage-creations.com\/en\/?s={search_term_string}"},"query-input":{"@type":"PropertyValueSpecification","valueRequired":true,"valueName":"search_term_string"}}],"inLanguage":"en-GB"},{"@type":"Organization","@id":"https:\/\/www.bocage-creations.com\/en\/#organization","name":"Bocage Cr\u00e9ations","url":"https:\/\/www.bocage-creations.com\/en\/","logo":{"@type":"ImageObject","inLanguage":"en-GB","@id":"https:\/\/www.bocage-creations.com\/en\/#\/schema\/logo\/image\/","url":"https:\/\/www.bocage-creations.com\/wp-content\/uploads\/2025\/05\/bocage-logo-cl-hor.svg","contentUrl":"https:\/\/www.bocage-creations.com\/wp-content\/uploads\/2025\/05\/bocage-logo-cl-hor.svg","width":1,"height":1,"caption":"Bocage Cr\u00e9ations"},"image":{"@id":"https:\/\/www.bocage-creations.com\/en\/#\/schema\/logo\/image\/"}}]}},"_links":{"self":[{"href":"https:\/\/www.bocage-creations.com\/en\/wp-json\/wp\/v2\/pages\/628","targetHints":{"allow":["GET"]}}],"collection":[{"href":"https:\/\/www.bocage-creations.com\/en\/wp-json\/wp\/v2\/pages"}],"about":[{"href":"https:\/\/www.bocage-creations.com\/en\/wp-json\/wp\/v2\/types\/page"}],"author":[{"embeddable":true,"href":"https:\/\/www.bocage-creations.com\/en\/wp-json\/wp\/v2\/users\/1"}],"replies":[{"embeddable":true,"href":"https:\/\/www.bocage-creations.com\/en\/wp-json\/wp\/v2\/comments?post=628"}],"version-history":[{"count":39,"href":"https:\/\/www.bocage-creations.com\/en\/wp-json\/wp\/v2\/pages\/628\/revisions"}],"predecessor-version":[{"id":748,"href":"https:\/\/www.bocage-creations.com\/en\/wp-json\/wp\/v2\/pages\/628\/revisions\/748"}],"wp:attachment":[{"href":"https:\/\/www.bocage-creations.com\/en\/wp-json\/wp\/v2\/media?parent=628"}],"curies":[{"name":"wp","href":"https:\/\/api.w.org\/{rel}","templated":true}]}}