{"id":654,"date":"2025-06-10T18:24:59","date_gmt":"2025-06-10T16:24:59","guid":{"rendered":"https:\/\/www.bocage-creations.com\/?page_id=654"},"modified":"2025-08-13T12:28:33","modified_gmt":"2025-08-13T10:28:33","slug":"formulaire-de-demande","status":"publish","type":"page","link":"https:\/\/www.bocage-creations.com\/en\/formulaire-de-demande\/","title":{"rendered":"Formulaire de demande"},"content":{"rendered":"<h1>Envoyer une demande<\/h1>\n<div>\n<p>L\u2019horloge que nous vous proposons de cr\u00e9er sera une pi\u00e8ce unique, fa\u00e7onn\u00e9e \u00e0 la main avec soin et passion. Elle racontera une histoire \u2014 la v\u00f4tre \u2014 et s\u2019accordera en harmonie avec votre univers.<\/p>\n<p>Chaque d\u00e9tail, chaque mati\u00e8re choisie portera la trace d\u2019un geste artisanal, patient et pr\u00e9cis.<\/p>\n<p>Il vous suffira de nous confier, en quelques mots, l\u2019\u00e9motion, l\u2019\u00e9v\u00e9nement ou le souvenir que vous souhaitez mettre \u00e0 l\u2019honneur.<\/p>\n<p>Nous reviendrons vers vous, et ensemble, nous fa\u00e7onnerons cette \u0153uvre sur mesure, comme un \u00e9cho sensible du temps qui vous ressemble.<\/p>\n<\/div>\n<p><!--more--><br \/>\n<!-- {\"type\":\"layout\",\"children\":[{\"type\":\"section\",\"props\":{\"image_position\":\"center-center\",\"style\":\"default\",\"title_breakpoint\":\"xl\",\"title_position\":\"top-left\",\"title_rotation\":\"left\",\"vertical_align\":\"middle\",\"width\":\"default\"},\"children\":[{\"type\":\"row\",\"children\":[{\"type\":\"column\",\"props\":{\"image_position\":\"center-center\",\"position_sticky_breakpoint\":\"m\"},\"children\":[{\"type\":\"headline\",\"props\":{\"content\":\"Envoyer une demande\",\"content_en_gb\":\"Send a request\",\"title_element\":\"h1\"}},{\"type\":\"text\",\"props\":{\"column_breakpoint\":\"m\",\"content\":\"\n\n<p>L\\u2019horloge que nous vous proposons de cr\\u00e9er sera une pi\\u00e8ce unique, fa\\u00e7onn\\u00e9e \\u00e0 la main avec soin et passion. Elle racontera une histoire \\u2014 la v\\u00f4tre \\u2014 et s\\u2019accordera en harmonie avec votre univers.<\\\/p>\\n\n\n<p>Chaque d\\u00e9tail, chaque mati\\u00e8re choisie portera la trace d\\u2019un geste artisanal, patient et pr\\u00e9cis.<\\\/p>\\n\n\n<p>Il vous suffira de nous confier, en quelques mots, l\\u2019\\u00e9motion, l\\u2019\\u00e9v\\u00e9nement ou le souvenir que vous souhaitez mettre \\u00e0 l\\u2019honneur.<\\\/p>\\n\n\n<p>Nous reviendrons vers vous, et ensemble, nous fa\\u00e7onnerons cette \\u0153uvre sur mesure, comme un \\u00e9cho sensible du temps qui vous ressemble.<\\\/p>\",\"content_en_gb\":\"\n\n<p>The clock we propose to create for you will be a unique piece, carefully and passionately handcrafted. It will tell a story\\u2014yours\\u2014and blend harmoniously with your world.<\\\/p>\\n\n\n<p>Every detail, every chosen material will bear the mark of patient, precise craftsmanship.<\\\/p>\\n\n\n<p>Simply share with us, in a few words, the emotion, event, or memory you wish to honor.<\\\/p>\\n\n\n<p>We will get back to you, and together, we will shape this bespoke work of art, a sensitive echo of time that reflects who you are.<\\\/p>\\n\",\"margin\":\"default\"}}]}]}]},{\"type\":\"section\",\"props\":{\"image_position\":\"center-center\",\"padding_remove_top\":true,\"style\":\"default\",\"title_breakpoint\":\"xl\",\"title_position\":\"top-left\",\"title_rotation\":\"left\",\"vertical_align\":\"middle\",\"width\":\"default\"},\"children\":[{\"type\":\"row\",\"children\":[{\"type\":\"column\",\"props\":{\"image_position\":\"center-center\",\"position_sticky_breakpoint\":\"m\"},\"children\":[{\"type\":\"fragment\",\"props\":{\"margin\":\"default\",\"yooessentials_form\":{\"state\":true,\"after_submit_actions\":[{\"id\":\"E58B2A\",\"type\":\"google-sheets-record-upsert\",\"props\":{\"value_input\":\"INPUT_TYPE_RAW\",\"content\":[{\"id\":\"Nom\",\"props\":{\"status\":\"\"},\"source_extended\":{\"props\":{\"value\":{\"query\":{\"name\":\"yooessentials_form_query\"},\"name\":\"nom\"}}}},{\"id\":\"Pr\\u00e9nom\",\"props\":{\"status\":\"\"},\"source_extended\":{\"props\":{\"value\":{\"query\":{\"name\":\"yooessentials_form_query\"},\"name\":\"prenom\"}}}},{\"id\":\"Email\",\"props\":{\"status\":\"\"},\"source_extended\":{\"props\":{\"value\":{\"query\":{\"name\":\"yooessentials_form_query\"},\"name\":\"email\"}}}},{\"id\":\"T\\u00e9l\\u00e9phone\",\"props\":{\"status\":\"\"},\"source_extended\":{\"props\":{\"value\":{\"query\":{\"name\":\"yooessentials_form_query\"},\"name\":\"telephone\"}}}},{\"id\":\"Choix\",\"props\":{\"status\":\"\"},\"source_extended\":{\"props\":{\"value\":{\"query\":{\"name\":\"yooessentials_form_query\"},\"name\":\"choix\"}}}},{\"id\":\"Message\",\"props\":{\"status\":\"\"},\"source_extended\":{\"props\":{\"value\":{\"query\":{\"name\":\"yooessentials_form_query\"},\"name\":\"message\"}}}}],\"account\":\"101524603993388274871\",\"sheet_id\":\"1bg2AW6BSvL7kYovmbEkXeiz9k8J7QULzJ75it4HiyXs\",\"sheet_name\":\"Feuille 1\"}},{\"id\":\"98AAA4\",\"type\":\"email\",\"props\":{\"html\":true,\"attachments\":[null],\"submitted_attachments\":[null],\"subject\":\"Nouveau formulaire\",\"recipients\":\"zach@pixim.fr,contact@labellebleue.com\",\"body\":\"\n\n<p><strong>Contact<\\\/strong> : {Nom} {Prenom}<\\\/p>\\n\n\n<p><strong>Email :<\\\/strong> {Email}<\\\/p>\\n\n\n<p><strong>T\\u00e9l\\u00e9phone :<\\\/strong> {Telephone}<\\\/p>\\n\n\n<p><strong>Choix :<\\\/strong> {Choix}<\\\/p>\\n\n\n<p><strong>Message :<\\\/strong> {Message}<\\\/p>\",\"reply_tos\":\"{Email}\",\"from_name\":\"\",\"from\":\"\"}},{\"id\":\"E0205B\",\"type\":\"message\",\"props\":{\"content\":\"\n\n<p>Merci votre formulaire a bien \\u00e9t\\u00e9 transmis. <br \\\/>Nous vous contacterons tr\\u00e8s prochainement.<\\\/p>\",\"modal_center\":true}}],\"html5validation\":true,\"reset_after_submit\":true,\"override_action_url\":false,\"action_method\":\"POST\"}},\"children\":[{\"type\":\"row\",\"props\":{\"layout\":\"1-3,1-3,1-3\"},\"children\":[{\"type\":\"column\",\"props\":{\"image_position\":\"center-center\",\"position_sticky_breakpoint\":\"m\",\"width_medium\":\"1-3\"},\"children\":[{\"type\":\"yooessentials_form_input\",\"props\":{\"control_icon_align\":\"left\",\"grid_column_gap\":\"small\",\"grid_columns_number\":\"auto\",\"grid_row_gap\":\"small\",\"margin\":\"default\",\"show_icon\":false,\"show_label\":true},\"children\":[{\"type\":\"yooessentials_form_input_text\",\"props\":{\"control_id_inherit\":true,\"control_label\":\"Nom\",\"control_label_en_gb\":\"Name\",\"control_name\":\"Nom\",\"control_required\":true}}]}]},{\"type\":\"column\",\"props\":{\"image_position\":\"center-center\",\"position_sticky_breakpoint\":\"m\",\"width_medium\":\"1-3\"},\"children\":[{\"type\":\"yooessentials_form_input\",\"props\":{\"control_icon_align\":\"left\",\"grid_column_gap\":\"small\",\"grid_columns_number\":\"auto\",\"grid_row_gap\":\"small\",\"margin\":\"default\",\"show_icon\":false,\"show_label\":true},\"children\":[{\"type\":\"yooessentials_form_input_text\",\"props\":{\"control_id_inherit\":true,\"control_label\":\"Pr\\u00e9nom\",\"control_label_en_gb\":\"Firstname\",\"control_name\":\"Prenom\",\"control_required\":true}}]}]},{\"type\":\"column\",\"props\":{\"image_position\":\"center-center\",\"position_sticky_breakpoint\":\"m\",\"width_medium\":\"1-3\"},\"children\":[{\"type\":\"yooessentials_form_input\",\"props\":{\"control_icon_align\":\"left\",\"grid_column_gap\":\"small\",\"grid_columns_number\":\"auto\",\"grid_row_gap\":\"small\",\"margin\":\"default\",\"show_icon\":false,\"show_label\":true},\"children\":[{\"type\":\"yooessentials_form_input_email\",\"props\":{\"control_id_inherit\":true,\"control_label\":\"Email\",\"control_label_en_gb\":\"Email\",\"control_name\":\"Email\",\"control_required\":true}}]}]}]},{\"type\":\"row\",\"children\":[{\"type\":\"column\",\"props\":{\"image_position\":\"center-center\",\"position_sticky_breakpoint\":\"m\"},\"children\":[{\"type\":\"yooessentials_form_input\",\"props\":{\"control_icon_align\":\"left\",\"grid_column_gap\":\"small\",\"grid_columns_number\":\"auto\",\"grid_row_gap\":\"small\",\"margin\":\"default\",\"show_icon\":true,\"show_label\":true},\"children\":[{\"type\":\"yooessentials_form_input_tel\",\"props\":{\"control_id_inherit\":true,\"control_label\":\"T\\u00e9l\\u00e9phone\",\"control_label_en_gb\":\"Phone\",\"control_name\":\"Telephone\",\"control_required\":true}}]},{\"type\":\"yooessentials_form_select\",\"props\":{\"control_id_inherit\":true,\"control_name\":\"Choix\",\"control_required\":true,\"margin\":\"default\"},\"children\":[{\"type\":\"yooessentials_form_option\",\"props\":{\"disabled\":false,\"text\":\"Horloge version murale - 4 680 \\u20ac TTC\",\"text_en_gb\":\"Wall-mounted clock - \\u20ac4,680 incl. VAT\",\"value\":\"Horloge version murale\"}},{\"type\":\"yooessentials_form_option\",\"props\":{\"disabled\":false,\"text\":\"Horloge avec chevalet - 5 640 \\u20ac TTC\",\"text_en_gb\":\"Clock with easel - \\u20ac5,640 incl. VAT\",\"value\":\"Horloge avec chevalet\"}}]},{\"type\":\"yooessentials_form_textarea\",\"props\":{\"control_id_inherit\":true,\"control_label\":\"Message\",\"control_name\":\"Message\",\"margin\":\"default\"}},{\"type\":\"yooessentials_form_button\",\"props\":{\"grid_column_gap\":\"small\",\"grid_row_gap\":\"small\",\"margin\":\"default\"},\"children\":[{\"type\":\"yooessentials_form_button_item\",\"props\":{\"button_style\":\"secondary\",\"content\":\"Envoyer\",\"content_en_gb\":\"Send\",\"icon_align\":\"left\"}}]},{\"type\":\"yooessentials_form_recaptcha\",\"props\":{\"control_action\":\"yoothemepro_form_submit\",\"control_badge_position\":\"bottomright\",\"control_secret_key\":\"6LdE1eoqAAAAALoXu89IT7V7UXxWCtO1a1gqI3Vt\",\"control_site_key\":\"6LdE1eoqAAAAAJmVrGfKG_qcNlXH2K0etp43S77l\",\"control_size\":\"normal\",\"control_theme\":\"light\",\"control_threshold\":\"0.5\",\"control_type\":\"v3\",\"margin\":\"default\",\"recaptcha_version\":\"v2\"}}]}]}],\"name\":\"Form Area\",\"formid\":\"d5e82efc\"}]}]}]}],\"version\":\"4.5.6\",\"yooessentialsVersion\":\"2.3.12\"} --><\/p>\n","protected":false},"excerpt":{"rendered":"<p>Envoyer une demande L\u2019horloge que nous vous proposons de cr\u00e9er sera une pi\u00e8ce unique, fa\u00e7onn\u00e9e \u00e0 la main avec soin et passion. Elle racontera une histoire \u2014 la v\u00f4tre \u2014 et s\u2019accordera en harmonie avec votre univers. Chaque d\u00e9tail, chaque mati\u00e8re choisie portera la trace d\u2019un geste artisanal, patient et pr\u00e9cis. Il vous suffira de [&hellip;]<\/p>\n","protected":false},"author":1,"featured_media":0,"parent":0,"menu_order":0,"comment_status":"closed","ping_status":"closed","template":"","meta":{"footnotes":""},"class_list":["post-654","page","type-page","status-publish","hentry"],"yoast_head":"<!-- This site is optimized with the Yoast SEO plugin v24.6 - https:\/\/yoast.com\/wordpress\/plugins\/seo\/ -->\n<title>Formulaire de demande<\/title>\n<meta name=\"description\" content=\"Envoyer une demande L\u2019horloge que nous vous proposons de cr\u00e9er sera une pi\u00e8ce unique, fa\u00e7onn\u00e9e \u00e0 la main avec soin et passion. Elle racontera une histoire \u2014 la v\u00f4tre \u2014 et s\u2019accordera en harmonie avec votre univers. Chaque d\u00e9tail, chaque mati\u00e8re choisie portera la trace d\u2019un geste artisanal, patient et pr\u00e9cis. Il vous suffira de&hellip;\" \/>\n<meta name=\"robots\" content=\"index, follow, max-snippet:-1, max-image-preview:large, max-video-preview:-1\" \/>\n<link rel=\"canonical\" href=\"http:\/\/Envoyer%20une%20demande%20L\u2019horloge%20que%20nous%20vous%20proposons%20de%20cr\u00e9er%20sera%20une%20pi\u00e8ce%20unique,%20fa\u00e7onn\u00e9e%20\u00e0%20la%20main%20avec%20soin%20et%20passion.%20Elle%20racontera%20une%20histoire%20\u2014%20la%20v\u00f4tre%20\u2014%20et%20s\u2019accordera%20en%20harmonie%20avec%20votre%20univers.%20Chaque%20d\u00e9tail,%20chaque%20mati\u00e8re%20choisie%20portera%20la%20trace%20d\u2019un%20geste%20artisanal,%20patient%20et%20pr\u00e9cis.%20Il%20vous%20suffira%20de&hellip;\" \/>\n<meta property=\"og:locale\" content=\"en_GB\" \/>\n<meta property=\"og:type\" content=\"article\" \/>\n<meta property=\"og:title\" content=\"Formulaire de demande\" \/>\n<meta property=\"og:description\" content=\"Envoyer une demande L\u2019horloge que nous vous proposons de cr\u00e9er sera une pi\u00e8ce unique, fa\u00e7onn\u00e9e \u00e0 la main avec soin et passion. Elle racontera une histoire \u2014 la v\u00f4tre \u2014 et s\u2019accordera en harmonie avec votre univers. Chaque d\u00e9tail, chaque mati\u00e8re choisie portera la trace d\u2019un geste artisanal, patient et pr\u00e9cis. Il vous suffira de&hellip;\" \/>\n<meta property=\"og:url\" content=\"https:\/\/www.bocage-creations.com\/en\/formulaire-de-demande\/\" \/>\n<meta property=\"og:site_name\" content=\"Bocage Cr\u00e9ations\" \/>\n<meta property=\"article:modified_time\" content=\"2025-08-13T10:28:33+00:00\" \/>\n<meta name=\"twitter:card\" content=\"summary_large_image\" \/>\n<meta name=\"twitter:label1\" content=\"Est. reading time\" \/>\n\t<meta name=\"twitter:data1\" content=\"1 minute\" \/>\n<script type=\"application\/ld+json\" class=\"yoast-schema-graph\">{\"@context\":\"https:\/\/schema.org\",\"@graph\":[{\"@type\":\"WebPage\",\"@id\":\"https:\/\/www.bocage-creations.com\/en\/formulaire-de-demande\/\",\"url\":\"https:\/\/www.bocage-creations.com\/en\/formulaire-de-demande\/\",\"name\":\"Formulaire de demande - Bocage Cr\u00e9ations\",\"isPartOf\":{\"@id\":\"https:\/\/www.bocage-creations.com\/#website\"},\"datePublished\":\"2025-06-10T16:24:59+00:00\",\"dateModified\":\"2025-08-13T10:28:33+00:00\",\"breadcrumb\":{\"@id\":\"https:\/\/www.bocage-creations.com\/en\/formulaire-de-demande\/#breadcrumb\"},\"inLanguage\":\"en-GB\",\"potentialAction\":[{\"@type\":\"ReadAction\",\"target\":[\"https:\/\/www.bocage-creations.com\/en\/formulaire-de-demande\/\"]}]},{\"@type\":\"BreadcrumbList\",\"@id\":\"https:\/\/www.bocage-creations.com\/en\/formulaire-de-demande\/#breadcrumb\",\"itemListElement\":[{\"@type\":\"ListItem\",\"position\":1,\"name\":\"Home\",\"item\":\"https:\/\/www.bocage-creations.com\/\"},{\"@type\":\"ListItem\",\"position\":2,\"name\":\"Formulaire de demande\"}]},{\"@type\":\"WebSite\",\"@id\":\"https:\/\/www.bocage-creations.com\/en\/#website\",\"url\":\"https:\/\/www.bocage-creations.com\/en\/\",\"name\":\"Bocage Cr\u00e9ations\",\"description\":\"\",\"publisher\":{\"@id\":\"https:\/\/www.bocage-creations.com\/en\/#organization\"},\"potentialAction\":[{\"@type\":\"SearchAction\",\"target\":{\"@type\":\"EntryPoint\",\"urlTemplate\":\"https:\/\/www.bocage-creations.com\/en\/?s={search_term_string}\"},\"query-input\":{\"@type\":\"PropertyValueSpecification\",\"valueRequired\":true,\"valueName\":\"search_term_string\"}}],\"inLanguage\":\"en-GB\"},{\"@type\":\"Organization\",\"@id\":\"https:\/\/www.bocage-creations.com\/en\/#organization\",\"name\":\"Bocage Cr\u00e9ations\",\"url\":\"https:\/\/www.bocage-creations.com\/en\/\",\"logo\":{\"@type\":\"ImageObject\",\"inLanguage\":\"en-GB\",\"@id\":\"https:\/\/www.bocage-creations.com\/en\/#\/schema\/logo\/image\/\",\"url\":\"https:\/\/www.bocage-creations.com\/wp-content\/uploads\/2025\/05\/bocage-logo-cl-hor.svg\",\"contentUrl\":\"https:\/\/www.bocage-creations.com\/wp-content\/uploads\/2025\/05\/bocage-logo-cl-hor.svg\",\"width\":1,\"height\":1,\"caption\":\"Bocage Cr\u00e9ations\"},\"image\":{\"@id\":\"https:\/\/www.bocage-creations.com\/en\/#\/schema\/logo\/image\/\"}}]}<\/script>\n<!-- \/ Yoast SEO plugin. -->","yoast_head_json":{"title":"Formulaire de demande","description":"Envoyer une demande L\u2019horloge que nous vous proposons de cr\u00e9er sera une pi\u00e8ce unique, fa\u00e7onn\u00e9e \u00e0 la main avec soin et passion. Elle racontera une histoire \u2014 la v\u00f4tre \u2014 et s\u2019accordera en harmonie avec votre univers. Chaque d\u00e9tail, chaque mati\u00e8re choisie portera la trace d\u2019un geste artisanal, patient et pr\u00e9cis. Il vous suffira de&hellip;","robots":{"index":"index","follow":"follow","max-snippet":"max-snippet:-1","max-image-preview":"max-image-preview:large","max-video-preview":"max-video-preview:-1"},"canonical":"Envoyer une demande L\u2019horloge que nous vous proposons de cr\u00e9er sera une pi\u00e8ce unique, fa\u00e7onn\u00e9e \u00e0 la main avec soin et passion. Elle racontera une histoire \u2014 la v\u00f4tre \u2014 et s\u2019accordera en harmonie avec votre univers. Chaque d\u00e9tail, chaque mati\u00e8re choisie portera la trace d\u2019un geste artisanal, patient et pr\u00e9cis. Il vous suffira de&hellip;","og_locale":"en_GB","og_type":"article","og_title":"Formulaire de demande","og_description":"Envoyer une demande L\u2019horloge que nous vous proposons de cr\u00e9er sera une pi\u00e8ce unique, fa\u00e7onn\u00e9e \u00e0 la main avec soin et passion. Elle racontera une histoire \u2014 la v\u00f4tre \u2014 et s\u2019accordera en harmonie avec votre univers. Chaque d\u00e9tail, chaque mati\u00e8re choisie portera la trace d\u2019un geste artisanal, patient et pr\u00e9cis. Il vous suffira de&hellip;","og_url":"https:\/\/www.bocage-creations.com\/en\/formulaire-de-demande\/","og_site_name":"Bocage Cr\u00e9ations","article_modified_time":"2025-08-13T10:28:33+00:00","twitter_card":"summary_large_image","twitter_misc":{"Est. reading time":"1 minute"},"schema":{"@context":"https:\/\/schema.org","@graph":[{"@type":"WebPage","@id":"https:\/\/www.bocage-creations.com\/en\/formulaire-de-demande\/","url":"https:\/\/www.bocage-creations.com\/en\/formulaire-de-demande\/","name":"Formulaire de demande - Bocage Cr\u00e9ations","isPartOf":{"@id":"https:\/\/www.bocage-creations.com\/#website"},"datePublished":"2025-06-10T16:24:59+00:00","dateModified":"2025-08-13T10:28:33+00:00","breadcrumb":{"@id":"https:\/\/www.bocage-creations.com\/en\/formulaire-de-demande\/#breadcrumb"},"inLanguage":"en-GB","potentialAction":[{"@type":"ReadAction","target":["https:\/\/www.bocage-creations.com\/en\/formulaire-de-demande\/"]}]},{"@type":"BreadcrumbList","@id":"https:\/\/www.bocage-creations.com\/en\/formulaire-de-demande\/#breadcrumb","itemListElement":[{"@type":"ListItem","position":1,"name":"Home","item":"https:\/\/www.bocage-creations.com\/"},{"@type":"ListItem","position":2,"name":"Formulaire de demande"}]},{"@type":"WebSite","@id":"https:\/\/www.bocage-creations.com\/en\/#website","url":"https:\/\/www.bocage-creations.com\/en\/","name":"Bocage Cr\u00e9ations","description":"","publisher":{"@id":"https:\/\/www.bocage-creations.com\/en\/#organization"},"potentialAction":[{"@type":"SearchAction","target":{"@type":"EntryPoint","urlTemplate":"https:\/\/www.bocage-creations.com\/en\/?s={search_term_string}"},"query-input":{"@type":"PropertyValueSpecification","valueRequired":true,"valueName":"search_term_string"}}],"inLanguage":"en-GB"},{"@type":"Organization","@id":"https:\/\/www.bocage-creations.com\/en\/#organization","name":"Bocage Cr\u00e9ations","url":"https:\/\/www.bocage-creations.com\/en\/","logo":{"@type":"ImageObject","inLanguage":"en-GB","@id":"https:\/\/www.bocage-creations.com\/en\/#\/schema\/logo\/image\/","url":"https:\/\/www.bocage-creations.com\/wp-content\/uploads\/2025\/05\/bocage-logo-cl-hor.svg","contentUrl":"https:\/\/www.bocage-creations.com\/wp-content\/uploads\/2025\/05\/bocage-logo-cl-hor.svg","width":1,"height":1,"caption":"Bocage Cr\u00e9ations"},"image":{"@id":"https:\/\/www.bocage-creations.com\/en\/#\/schema\/logo\/image\/"}}]}},"_links":{"self":[{"href":"https:\/\/www.bocage-creations.com\/en\/wp-json\/wp\/v2\/pages\/654","targetHints":{"allow":["GET"]}}],"collection":[{"href":"https:\/\/www.bocage-creations.com\/en\/wp-json\/wp\/v2\/pages"}],"about":[{"href":"https:\/\/www.bocage-creations.com\/en\/wp-json\/wp\/v2\/types\/page"}],"author":[{"embeddable":true,"href":"https:\/\/www.bocage-creations.com\/en\/wp-json\/wp\/v2\/users\/1"}],"replies":[{"embeddable":true,"href":"https:\/\/www.bocage-creations.com\/en\/wp-json\/wp\/v2\/comments?post=654"}],"version-history":[{"count":45,"href":"https:\/\/www.bocage-creations.com\/en\/wp-json\/wp\/v2\/pages\/654\/revisions"}],"predecessor-version":[{"id":732,"href":"https:\/\/www.bocage-creations.com\/en\/wp-json\/wp\/v2\/pages\/654\/revisions\/732"}],"wp:attachment":[{"href":"https:\/\/www.bocage-creations.com\/en\/wp-json\/wp\/v2\/media?parent=654"}],"curies":[{"name":"wp","href":"https:\/\/api.w.org\/{rel}","templated":true}]}}