{"id":98,"date":"2025-02-19T09:49:47","date_gmt":"2025-02-19T08:49:47","guid":{"rendered":"https:\/\/www.bocage-creations.com\/?post_type=product&#038;p=98"},"modified":"2025-05-29T10:38:24","modified_gmt":"2025-05-29T08:38:24","slug":"horloge-murale-signature-personnalisable","status":"publish","type":"product","link":"https:\/\/www.bocage-creations.com\/en\/product\/customizable-signature-wall-clock\/","title":{"rendered":"Customizable \"Signature\" Wall Clock"},"content":{"rendered":"<p>Height: 42 cm \u2013 Width: 38 cm.<\/p>\n<p>This stainless steel clock was made using very sophisticated high-pressure water jet cutting equipment.<\/p>\n<p><strong>At 6 o&#8217;clock, we will specify the name or title according to your wishes:<\/strong><br \/>\nFamily name &#8211; Company or brand name &#8211; Residence name &#8211; Commemorative event name or simply a personalized gift&#8230;..<\/p>\n<p><strong>Note:<\/strong> a period of 3 weeks is required for the customization of your wall clock.<\/p>\n","protected":false},"excerpt":{"rendered":"<p>Height: 42 cm \u2013 Width: 38 cm. This stainless steel clock was made using very sophisticated high-pressure water jet cutting equipment. At 6 o&#8217;clock, we will specify the name or title according to your wishes: Family name &#8211; Company or brand name &#8211; Residence name &#8211; Commemorative event name or simply a personalized gift&#8230;.. Note: [&hellip;]<\/p>\n","protected":false},"featured_media":184,"template":"","meta":[],"product_brand":[],"product_cat":[18],"product_tag":[],"class_list":{"0":"post-98","1":"product","2":"type-product","3":"status-publish","4":"has-post-thumbnail","6":"product_cat-signature-clock-collection","8":"first","9":"instock","10":"taxable","11":"shipping-taxable","12":"purchasable","13":"product-type-variable"},"yoast_head":"<!-- This site is optimized with the Yoast SEO plugin v24.6 - https:\/\/yoast.com\/wordpress\/plugins\/seo\/ -->\n<title>Customizable &quot;Signature&quot; Wall Clock<\/title>\n<meta name=\"description\" content=\"Height: 42 cm \u2013 Width: 38 cm. This stainless steel clock was made using very sophisticated high-pressure water jet cutting equipment. At 6 o&#039;clock, we will specify the name or title according to your wishes: Family name - Company or brand name - Residence name - Commemorative event name or simply a personalized gift..... Note:&hellip;\" \/>\n<meta name=\"robots\" content=\"index, follow, max-snippet:-1, max-image-preview:large, max-video-preview:-1\" \/>\n<link rel=\"canonical\" href=\"\" \/>\n<meta property=\"og:locale\" content=\"en_GB\" \/>\n<meta property=\"og:type\" content=\"article\" \/>\n<meta property=\"og:title\" content=\"Customizable &quot;Signature&quot; Wall Clock\" \/>\n<meta property=\"og:description\" content=\"Height: 42 cm \u2013 Width: 38 cm. This stainless steel clock was made using very sophisticated high-pressure water jet cutting equipment. At 6 o&#039;clock, we will specify the name or title according to your wishes: Family name - Company or brand name - Residence name - Commemorative event name or simply a personalized gift..... Note:&hellip;\" \/>\n<meta property=\"og:url\" content=\"https:\/\/www.bocage-creations.com\/en\/product\/customizable-signature-wall-clock\/\" \/>\n<meta property=\"og:site_name\" content=\"Bocage Cr\u00e9ations\" \/>\n<meta property=\"article:modified_time\" content=\"2025-05-29T08:38:24+00:00\" \/>\n<meta property=\"og:image\" content=\"https:\/\/www.bocage-creations.com\/wp-content\/uploads\/2025\/02\/horloge-signature-williams-harding.png\" \/>\n\t<meta property=\"og:image:width\" content=\"630\" \/>\n\t<meta property=\"og:image:height\" content=\"1000\" \/>\n\t<meta property=\"og:image:type\" content=\"image\/png\" \/>\n<meta name=\"twitter:card\" content=\"summary_large_image\" \/>\n<meta name=\"twitter:label1\" content=\"Est. reading time\" \/>\n\t<meta name=\"twitter:data1\" content=\"1 minute\" \/>\n<script type=\"application\/ld+json\" class=\"yoast-schema-graph\">{\"@context\":\"https:\/\/schema.org\",\"@graph\":[{\"@type\":\"WebPage\",\"@id\":\"https:\/\/www.bocage-creations.com\/en\/product\/customizable-signature-wall-clock\/\",\"url\":\"https:\/\/www.bocage-creations.com\/en\/product\/customizable-signature-wall-clock\/\",\"name\":\"Horloge murale \u00ab\u202fSignature\u202f\u00bb personnalisable - La Belle Bleue\",\"isPartOf\":{\"@id\":\"https:\/\/www.bocage-creations.com\/#website\"},\"primaryImageOfPage\":{\"@id\":\"https:\/\/www.bocage-creations.com\/en\/product\/customizable-signature-wall-clock\/#primaryimage\"},\"image\":{\"@id\":\"https:\/\/www.bocage-creations.com\/en\/product\/customizable-signature-wall-clock\/#primaryimage\"},\"thumbnailUrl\":\"https:\/\/www.bocage-creations.com\/wp-content\/uploads\/2025\/02\/horloge-signature-williams-harding.png\",\"datePublished\":\"2025-02-19T08:49:47+00:00\",\"dateModified\":\"2025-05-29T08:38:24+00:00\",\"description\":\"D\u00e9couvrez l'Horloge murale \u00ab\u202fSignature\u202f\u00bb de Bocages Cr\u00e9ations, une pi\u00e8ce unique que vous pouvez personnaliser selon vos envies. Alliez \u00e9l\u00e9gance et singularit\u00e9 en cr\u00e9ant une horloge qui refl\u00e8te parfaitement votre style, votre int\u00e9rieur ou votre marque.\",\"breadcrumb\":{\"@id\":\"https:\/\/www.bocage-creations.com\/en\/product\/customizable-signature-wall-clock\/#breadcrumb\"},\"inLanguage\":\"en-GB\",\"potentialAction\":[{\"@type\":\"ReadAction\",\"target\":[\"https:\/\/www.bocage-creations.com\/en\/product\/customizable-signature-wall-clock\/\"]}]},{\"@type\":\"ImageObject\",\"inLanguage\":\"en-GB\",\"@id\":\"https:\/\/www.bocage-creations.com\/en\/product\/customizable-signature-wall-clock\/#primaryimage\",\"url\":\"https:\/\/www.bocage-creations.com\/wp-content\/uploads\/2025\/02\/horloge-signature-williams-harding.png\",\"contentUrl\":\"https:\/\/www.bocage-creations.com\/wp-content\/uploads\/2025\/02\/horloge-signature-williams-harding.png\",\"width\":630,\"height\":1000},{\"@type\":\"BreadcrumbList\",\"@id\":\"https:\/\/www.bocage-creations.com\/en\/product\/customizable-signature-wall-clock\/#breadcrumb\",\"itemListElement\":[{\"@type\":\"ListItem\",\"position\":1,\"name\":\"Home\",\"item\":\"https:\/\/www.bocage-creations.com\/\"},{\"@type\":\"ListItem\",\"position\":2,\"name\":\"Shop\",\"item\":\"https:\/\/www.bocage-creations.com\/boutique\/\"},{\"@type\":\"ListItem\",\"position\":3,\"name\":\"Customizable \\\"Signature\\\" Wall Clock\"}]},{\"@type\":\"WebSite\",\"@id\":\"https:\/\/www.bocage-creations.com\/en\/#website\",\"url\":\"https:\/\/www.bocage-creations.com\/en\/\",\"name\":\"Bocage Cr\u00e9ations\",\"description\":\"\",\"publisher\":{\"@id\":\"https:\/\/www.bocage-creations.com\/en\/#organization\"},\"potentialAction\":[{\"@type\":\"SearchAction\",\"target\":{\"@type\":\"EntryPoint\",\"urlTemplate\":\"https:\/\/www.bocage-creations.com\/en\/?s={search_term_string}\"},\"query-input\":{\"@type\":\"PropertyValueSpecification\",\"valueRequired\":true,\"valueName\":\"search_term_string\"}}],\"inLanguage\":\"en-GB\"},{\"@type\":\"Organization\",\"@id\":\"https:\/\/www.bocage-creations.com\/en\/#organization\",\"name\":\"Bocage Cr\u00e9ations\",\"url\":\"https:\/\/www.bocage-creations.com\/en\/\",\"logo\":{\"@type\":\"ImageObject\",\"inLanguage\":\"en-GB\",\"@id\":\"https:\/\/www.bocage-creations.com\/en\/#\/schema\/logo\/image\/\",\"url\":\"https:\/\/www.bocage-creations.com\/wp-content\/uploads\/2025\/05\/bocage-logo-cl-hor.svg\",\"contentUrl\":\"https:\/\/www.bocage-creations.com\/wp-content\/uploads\/2025\/05\/bocage-logo-cl-hor.svg\",\"width\":1,\"height\":1,\"caption\":\"Bocage Cr\u00e9ations\"},\"image\":{\"@id\":\"https:\/\/www.bocage-creations.com\/en\/#\/schema\/logo\/image\/\"}}]}<\/script>\n<!-- \/ Yoast SEO plugin. -->","yoast_head_json":{"title":"Customizable \"Signature\" Wall Clock","description":"Height: 42 cm \u2013 Width: 38 cm. This stainless steel clock was made using very sophisticated high-pressure water jet cutting equipment. At 6 o'clock, we will specify the name or title according to your wishes: Family name - Company or brand name - Residence name - Commemorative event name or simply a personalized gift..... Note:&hellip;","robots":{"index":"index","follow":"follow","max-snippet":"max-snippet:-1","max-image-preview":"max-image-preview:large","max-video-preview":"max-video-preview:-1"},"canonical":"Height: 42 cm \u2013 Width: 38 cm. This stainless steel clock was made using very sophisticated high-pressure water jet cutting equipment. At 6 o'clock, we will specify the name or title according to your wishes: Family name - Company or brand name - Residence name - Commemorative event name or simply a personalized gift..... Note:&hellip;","og_locale":"en_GB","og_type":"article","og_title":"Customizable \"Signature\" Wall Clock","og_description":"Height: 42 cm \u2013 Width: 38 cm. This stainless steel clock was made using very sophisticated high-pressure water jet cutting equipment. At 6 o'clock, we will specify the name or title according to your wishes: Family name - Company or brand name - Residence name - Commemorative event name or simply a personalized gift..... Note:&hellip;","og_url":"https:\/\/www.bocage-creations.com\/en\/product\/customizable-signature-wall-clock\/","og_site_name":"Bocage Cr\u00e9ations","article_modified_time":"2025-05-29T08:38:24+00:00","og_image":[{"width":630,"height":1000,"url":"https:\/\/www.bocage-creations.com\/wp-content\/uploads\/2025\/02\/horloge-signature-williams-harding.png","type":"image\/png"}],"twitter_card":"summary_large_image","twitter_misc":{"Est. reading time":"1 minute"},"schema":{"@context":"https:\/\/schema.org","@graph":[{"@type":"WebPage","@id":"https:\/\/www.bocage-creations.com\/en\/product\/customizable-signature-wall-clock\/","url":"https:\/\/www.bocage-creations.com\/en\/product\/customizable-signature-wall-clock\/","name":"Horloge murale \u00ab\u202fSignature\u202f\u00bb personnalisable - La Belle Bleue","isPartOf":{"@id":"https:\/\/www.bocage-creations.com\/#website"},"primaryImageOfPage":{"@id":"https:\/\/www.bocage-creations.com\/en\/product\/customizable-signature-wall-clock\/#primaryimage"},"image":{"@id":"https:\/\/www.bocage-creations.com\/en\/product\/customizable-signature-wall-clock\/#primaryimage"},"thumbnailUrl":"https:\/\/www.bocage-creations.com\/wp-content\/uploads\/2025\/02\/horloge-signature-williams-harding.png","datePublished":"2025-02-19T08:49:47+00:00","dateModified":"2025-05-29T08:38:24+00:00","description":"D\u00e9couvrez l'Horloge murale \u00ab\u202fSignature\u202f\u00bb de Bocages Cr\u00e9ations, une pi\u00e8ce unique que vous pouvez personnaliser selon vos envies. Alliez \u00e9l\u00e9gance et singularit\u00e9 en cr\u00e9ant une horloge qui refl\u00e8te parfaitement votre style, votre int\u00e9rieur ou votre marque.","breadcrumb":{"@id":"https:\/\/www.bocage-creations.com\/en\/product\/customizable-signature-wall-clock\/#breadcrumb"},"inLanguage":"en-GB","potentialAction":[{"@type":"ReadAction","target":["https:\/\/www.bocage-creations.com\/en\/product\/customizable-signature-wall-clock\/"]}]},{"@type":"ImageObject","inLanguage":"en-GB","@id":"https:\/\/www.bocage-creations.com\/en\/product\/customizable-signature-wall-clock\/#primaryimage","url":"https:\/\/www.bocage-creations.com\/wp-content\/uploads\/2025\/02\/horloge-signature-williams-harding.png","contentUrl":"https:\/\/www.bocage-creations.com\/wp-content\/uploads\/2025\/02\/horloge-signature-williams-harding.png","width":630,"height":1000},{"@type":"BreadcrumbList","@id":"https:\/\/www.bocage-creations.com\/en\/product\/customizable-signature-wall-clock\/#breadcrumb","itemListElement":[{"@type":"ListItem","position":1,"name":"Home","item":"https:\/\/www.bocage-creations.com\/"},{"@type":"ListItem","position":2,"name":"Shop","item":"https:\/\/www.bocage-creations.com\/boutique\/"},{"@type":"ListItem","position":3,"name":"Customizable \"Signature\" Wall Clock"}]},{"@type":"WebSite","@id":"https:\/\/www.bocage-creations.com\/en\/#website","url":"https:\/\/www.bocage-creations.com\/en\/","name":"Bocage Cr\u00e9ations","description":"","publisher":{"@id":"https:\/\/www.bocage-creations.com\/en\/#organization"},"potentialAction":[{"@type":"SearchAction","target":{"@type":"EntryPoint","urlTemplate":"https:\/\/www.bocage-creations.com\/en\/?s={search_term_string}"},"query-input":{"@type":"PropertyValueSpecification","valueRequired":true,"valueName":"search_term_string"}}],"inLanguage":"en-GB"},{"@type":"Organization","@id":"https:\/\/www.bocage-creations.com\/en\/#organization","name":"Bocage Cr\u00e9ations","url":"https:\/\/www.bocage-creations.com\/en\/","logo":{"@type":"ImageObject","inLanguage":"en-GB","@id":"https:\/\/www.bocage-creations.com\/en\/#\/schema\/logo\/image\/","url":"https:\/\/www.bocage-creations.com\/wp-content\/uploads\/2025\/05\/bocage-logo-cl-hor.svg","contentUrl":"https:\/\/www.bocage-creations.com\/wp-content\/uploads\/2025\/05\/bocage-logo-cl-hor.svg","width":1,"height":1,"caption":"Bocage Cr\u00e9ations"},"image":{"@id":"https:\/\/www.bocage-creations.com\/en\/#\/schema\/logo\/image\/"}}]}},"_links":{"self":[{"href":"https:\/\/www.bocage-creations.com\/en\/wp-json\/wp\/v2\/product\/98","targetHints":{"allow":["GET"]}}],"collection":[{"href":"https:\/\/www.bocage-creations.com\/en\/wp-json\/wp\/v2\/product"}],"about":[{"href":"https:\/\/www.bocage-creations.com\/en\/wp-json\/wp\/v2\/types\/product"}],"wp:featuredmedia":[{"embeddable":true,"href":"https:\/\/www.bocage-creations.com\/en\/wp-json\/wp\/v2\/media\/184"}],"wp:attachment":[{"href":"https:\/\/www.bocage-creations.com\/en\/wp-json\/wp\/v2\/media?parent=98"}],"wp:term":[{"taxonomy":"product_brand","embeddable":true,"href":"https:\/\/www.bocage-creations.com\/en\/wp-json\/wp\/v2\/product_brand?post=98"},{"taxonomy":"product_cat","embeddable":true,"href":"https:\/\/www.bocage-creations.com\/en\/wp-json\/wp\/v2\/product_cat?post=98"},{"taxonomy":"product_tag","embeddable":true,"href":"https:\/\/www.bocage-creations.com\/en\/wp-json\/wp\/v2\/product_tag?post=98"}],"curies":[{"name":"wp","href":"https:\/\/api.w.org\/{rel}","templated":true}]}}